{"id":811,"date":"2020-11-30T10:41:00","date_gmt":"2020-11-30T09:41:00","guid":{"rendered":"https:\/\/www.rescue.tiki-factory.com\/?post_type=product&#038;p=811"},"modified":"2025-04-03T18:35:48","modified_gmt":"2025-04-03T16:35:48","slug":"bouee-rescue-longe-cote-gonflable","status":"publish","type":"product","link":"https:\/\/www.rescue.tiki-factory.com\/en\/mannequins-bouees\/bouee-rescue-longe-cote-gonflable\/","title":{"rendered":"RESCUE  INFLATABLE  BUOY"},"content":{"rendered":"<p>RESCUE ROCKET :<span class=\"Apple-converted-space\">\u00a0 <\/span>Dim 98x43x10cm \u2013 folded: 40x27x10 \u2013 weight: 2 kg.<\/p>\n<p>Dropstitch technology to form a honeycomb structure by sewing the top and bottom of the board with hundreds of threads. This technique guarantees exceptional rigidity allowing this board to be used in extreme conditions to provide rescue. This model is the subject of a deposit at the inpi.<\/p>\n<p>WHY CHOOSE THE TIKI ROCKET RESCUE<span class=\"Apple-converted-space\">\u00a0 <\/span>:<\/p>\n<p>Because it is unique on the market and original, specially made with professionals to create a support allowing one or more victims to be rescued in complete safety and in all circumstances, even in rocky areas, it inflates in 30 seconds and folds in 4 when you want to put it away, it replaces a foam tube buoy and a rotomoulded torpedo buoy (baywatch). It is harmless when thrown at a victim.<\/p>\n<p>THE PROGRAM AND EQUIPMENT:<span class=\"Apple-converted-space\">\u00a0<\/span><\/p>\n<p>The ROCKET RESCUE allows you to rescue one or more people thanks to its 3 handles on the sides and at the back. The top handle allows the rescuer to pull the victim back pedaling while keeping one hand on it, the ring at the front allows the rescuer to pull the board with a rope, the victim holding on to the 2 handles in this case lateral.<\/p>\n<p>If 3 people are in distress they can keep themselves afloat while waiting to be secure by the lifeguard<span class=\"Apple-converted-space\">\u00a0sauv\u00e9es.<\/span><\/p>","protected":false},"excerpt":{"rendered":"<p>Rigid, light and resistant BUOY for 1 to 3 people.<\/p>","protected":false},"featured_media":812,"template":"","meta":[],"product_cat":[39],"product_tag":[],"yoast_head":"<!-- This site is optimized with the Yoast SEO plugin v21.1 - https:\/\/yoast.com\/wordpress\/plugins\/seo\/ -->\n<title>TIKI FACTORY RESCUE ~ BOUEE RESCUE LONGE COTE GONFLABLE<\/title>\n<meta name=\"robots\" content=\"index, follow, max-snippet:-1, max-image-preview:large, max-video-preview:-1\" \/>\n<link rel=\"canonical\" href=\"https:\/\/www.rescue.tiki-factory.com\/en\/mannequins-bouees\/bouee-rescue-longe-cote-gonflable\/\" \/>\n<meta property=\"og:locale\" content=\"en_GB\" \/>\n<meta property=\"og:type\" content=\"article\" \/>\n<meta property=\"og:title\" content=\"TIKI FACTORY RESCUE ~ BOUEE RESCUE LONGE COTE GONFLABLE\" \/>\n<meta property=\"og:description\" content=\"BOUEE rigide, l\u00e9g\u00e8re et r\u00e9sistante pour 1 \u00e0 3 personnes.\" \/>\n<meta property=\"og:url\" content=\"https:\/\/www.rescue.tiki-factory.com\/en\/mannequins-bouees\/bouee-rescue-longe-cote-gonflable\/\" \/>\n<meta property=\"og:site_name\" content=\"TIKI FACTORY RESCUE\" \/>\n<meta property=\"article:publisher\" content=\"https:\/\/www.facebook.com\/TIKI-Factory-472166199484072\" \/>\n<meta property=\"article:modified_time\" content=\"2025-04-03T16:35:48+00:00\" \/>\n<meta property=\"og:image\" content=\"https:\/\/www.rescue.tiki-factory.com\/wp-content\/uploads\/2020\/11\/BOUEE-RESCUE-LONGE-COTE-GONFLABLE.png\" \/>\n\t<meta property=\"og:image:width\" content=\"960\" \/>\n\t<meta property=\"og:image:height\" content=\"961\" \/>\n\t<meta property=\"og:image:type\" content=\"image\/png\" \/>\n<meta name=\"twitter:card\" content=\"summary_large_image\" \/>\n<meta name=\"twitter:label1\" content=\"Estimated reading time\" \/>\n\t<meta name=\"twitter:data1\" content=\"2 minutes\" \/>\n<script type=\"application\/ld+json\" class=\"yoast-schema-graph\">{\"@context\":\"https:\/\/schema.org\",\"@graph\":[{\"@type\":\"WebPage\",\"@id\":\"https:\/\/www.rescue.tiki-factory.com\/en\/mannequins-bouees\/bouee-rescue-longe-cote-gonflable\/\",\"url\":\"https:\/\/www.rescue.tiki-factory.com\/en\/mannequins-bouees\/bouee-rescue-longe-cote-gonflable\/\",\"name\":\"TIKI FACTORY RESCUE ~ BOUEE RESCUE LONGE COTE GONFLABLE\",\"isPartOf\":{\"@id\":\"https:\/\/www.rescue.tiki-factory.com\/en\/#website\"},\"datePublished\":\"2020-11-30T09:41:00+00:00\",\"dateModified\":\"2025-04-03T16:35:48+00:00\",\"breadcrumb\":{\"@id\":\"https:\/\/www.rescue.tiki-factory.com\/en\/mannequins-bouees\/bouee-rescue-longe-cote-gonflable\/#breadcrumb\"},\"inLanguage\":\"en-GB\",\"potentialAction\":[{\"@type\":\"ReadAction\",\"target\":[\"https:\/\/www.rescue.tiki-factory.com\/en\/mannequins-bouees\/bouee-rescue-longe-cote-gonflable\/\"]}]},{\"@type\":\"BreadcrumbList\",\"@id\":\"https:\/\/www.rescue.tiki-factory.com\/en\/mannequins-bouees\/bouee-rescue-longe-cote-gonflable\/#breadcrumb\",\"itemListElement\":[{\"@type\":\"ListItem\",\"position\":1,\"name\":\"Accueil\",\"item\":\"https:\/\/www.rescue.tiki-factory.com\/\"},{\"@type\":\"ListItem\",\"position\":2,\"name\":\"Boutique\",\"item\":\"https:\/\/www.rescue.tiki-factory.com\/boutique\/\"},{\"@type\":\"ListItem\",\"position\":3,\"name\":\"BOUEE RESCUE LONGE COTE GONFLABLE\"}]},{\"@type\":\"WebSite\",\"@id\":\"https:\/\/www.rescue.tiki-factory.com\/en\/#website\",\"url\":\"https:\/\/www.rescue.tiki-factory.com\/en\/\",\"name\":\"TIKI FACTORY RESCUE\",\"description\":\"Vente de paddles et accessoires en ligne pour le sauvetage\",\"publisher\":{\"@id\":\"https:\/\/www.rescue.tiki-factory.com\/en\/#organization\"},\"potentialAction\":[{\"@type\":\"SearchAction\",\"target\":{\"@type\":\"EntryPoint\",\"urlTemplate\":\"https:\/\/www.rescue.tiki-factory.com\/en\/?s={search_term_string}\"},\"query-input\":\"required name=search_term_string\"}],\"inLanguage\":\"en-GB\"},{\"@type\":\"Organization\",\"@id\":\"https:\/\/www.rescue.tiki-factory.com\/en\/#organization\",\"name\":\"TIKI FACTORY\",\"url\":\"https:\/\/www.rescue.tiki-factory.com\/en\/\",\"logo\":{\"@type\":\"ImageObject\",\"inLanguage\":\"en-GB\",\"@id\":\"https:\/\/www.rescue.tiki-factory.com\/en\/#\/schema\/logo\/image\/\",\"url\":\"https:\/\/www.rescue.tiki-factory.com\/wp-content\/uploads\/2020\/12\/image-partage-facebook-tiki-factory-rescue.jpg\",\"contentUrl\":\"https:\/\/www.rescue.tiki-factory.com\/wp-content\/uploads\/2020\/12\/image-partage-facebook-tiki-factory-rescue.jpg\",\"width\":1200,\"height\":629,\"caption\":\"TIKI FACTORY\"},\"image\":{\"@id\":\"https:\/\/www.rescue.tiki-factory.com\/en\/#\/schema\/logo\/image\/\"},\"sameAs\":[\"https:\/\/www.facebook.com\/TIKI-Factory-472166199484072\",\"https:\/\/www.youtube.com\/channel\/UCDhHkHdueO5AGNLAVD8VZsg\"]}]}<\/script>\n<!-- \/ Yoast SEO plugin. -->","yoast_head_json":{"title":"TIKI FACTORY RESCUE ~ BOUEE RESCUE LONGE COTE GONFLABLE","robots":{"index":"index","follow":"follow","max-snippet":"max-snippet:-1","max-image-preview":"max-image-preview:large","max-video-preview":"max-video-preview:-1"},"canonical":"https:\/\/www.rescue.tiki-factory.com\/en\/mannequins-bouees\/bouee-rescue-longe-cote-gonflable\/","og_locale":"en_GB","og_type":"article","og_title":"TIKI FACTORY RESCUE ~ BOUEE RESCUE LONGE COTE GONFLABLE","og_description":"BOUEE rigide, l\u00e9g\u00e8re et r\u00e9sistante pour 1 \u00e0 3 personnes.","og_url":"https:\/\/www.rescue.tiki-factory.com\/en\/mannequins-bouees\/bouee-rescue-longe-cote-gonflable\/","og_site_name":"TIKI FACTORY RESCUE","article_publisher":"https:\/\/www.facebook.com\/TIKI-Factory-472166199484072","article_modified_time":"2025-04-03T16:35:48+00:00","og_image":[{"width":960,"height":961,"url":"https:\/\/www.rescue.tiki-factory.com\/wp-content\/uploads\/2020\/11\/BOUEE-RESCUE-LONGE-COTE-GONFLABLE.png","type":"image\/png"}],"twitter_card":"summary_large_image","twitter_misc":{"Estimated reading time":"2 minutes"},"schema":{"@context":"https:\/\/schema.org","@graph":[{"@type":"WebPage","@id":"https:\/\/www.rescue.tiki-factory.com\/en\/mannequins-bouees\/bouee-rescue-longe-cote-gonflable\/","url":"https:\/\/www.rescue.tiki-factory.com\/en\/mannequins-bouees\/bouee-rescue-longe-cote-gonflable\/","name":"TIKI FACTORY RESCUE ~ BOUEE RESCUE LONGE COTE GONFLABLE","isPartOf":{"@id":"https:\/\/www.rescue.tiki-factory.com\/en\/#website"},"datePublished":"2020-11-30T09:41:00+00:00","dateModified":"2025-04-03T16:35:48+00:00","breadcrumb":{"@id":"https:\/\/www.rescue.tiki-factory.com\/en\/mannequins-bouees\/bouee-rescue-longe-cote-gonflable\/#breadcrumb"},"inLanguage":"en-GB","potentialAction":[{"@type":"ReadAction","target":["https:\/\/www.rescue.tiki-factory.com\/en\/mannequins-bouees\/bouee-rescue-longe-cote-gonflable\/"]}]},{"@type":"BreadcrumbList","@id":"https:\/\/www.rescue.tiki-factory.com\/en\/mannequins-bouees\/bouee-rescue-longe-cote-gonflable\/#breadcrumb","itemListElement":[{"@type":"ListItem","position":1,"name":"Accueil","item":"https:\/\/www.rescue.tiki-factory.com\/"},{"@type":"ListItem","position":2,"name":"Boutique","item":"https:\/\/www.rescue.tiki-factory.com\/boutique\/"},{"@type":"ListItem","position":3,"name":"BOUEE RESCUE LONGE COTE GONFLABLE"}]},{"@type":"WebSite","@id":"https:\/\/www.rescue.tiki-factory.com\/en\/#website","url":"https:\/\/www.rescue.tiki-factory.com\/en\/","name":"TIKI FACTORY RESCUE","description":"Vente de paddles et accessoires en ligne pour le sauvetage","publisher":{"@id":"https:\/\/www.rescue.tiki-factory.com\/en\/#organization"},"potentialAction":[{"@type":"SearchAction","target":{"@type":"EntryPoint","urlTemplate":"https:\/\/www.rescue.tiki-factory.com\/en\/?s={search_term_string}"},"query-input":"required name=search_term_string"}],"inLanguage":"en-GB"},{"@type":"Organization","@id":"https:\/\/www.rescue.tiki-factory.com\/en\/#organization","name":"TIKI FACTORY","url":"https:\/\/www.rescue.tiki-factory.com\/en\/","logo":{"@type":"ImageObject","inLanguage":"en-GB","@id":"https:\/\/www.rescue.tiki-factory.com\/en\/#\/schema\/logo\/image\/","url":"https:\/\/www.rescue.tiki-factory.com\/wp-content\/uploads\/2020\/12\/image-partage-facebook-tiki-factory-rescue.jpg","contentUrl":"https:\/\/www.rescue.tiki-factory.com\/wp-content\/uploads\/2020\/12\/image-partage-facebook-tiki-factory-rescue.jpg","width":1200,"height":629,"caption":"TIKI FACTORY"},"image":{"@id":"https:\/\/www.rescue.tiki-factory.com\/en\/#\/schema\/logo\/image\/"},"sameAs":["https:\/\/www.facebook.com\/TIKI-Factory-472166199484072","https:\/\/www.youtube.com\/channel\/UCDhHkHdueO5AGNLAVD8VZsg"]}]}},"_links":{"self":[{"href":"https:\/\/www.rescue.tiki-factory.com\/en\/wp-json\/wp\/v2\/product\/811"}],"collection":[{"href":"https:\/\/www.rescue.tiki-factory.com\/en\/wp-json\/wp\/v2\/product"}],"about":[{"href":"https:\/\/www.rescue.tiki-factory.com\/en\/wp-json\/wp\/v2\/types\/product"}],"wp:featuredmedia":[{"embeddable":true,"href":"https:\/\/www.rescue.tiki-factory.com\/en\/wp-json\/wp\/v2\/media\/812"}],"wp:attachment":[{"href":"https:\/\/www.rescue.tiki-factory.com\/en\/wp-json\/wp\/v2\/media?parent=811"}],"wp:term":[{"taxonomy":"product_cat","embeddable":true,"href":"https:\/\/www.rescue.tiki-factory.com\/en\/wp-json\/wp\/v2\/product_cat?post=811"},{"taxonomy":"product_tag","embeddable":true,"href":"https:\/\/www.rescue.tiki-factory.com\/en\/wp-json\/wp\/v2\/product_tag?post=811"}],"curies":[{"name":"wp","href":"https:\/\/api.w.org\/{rel}","templated":true}]}}