{"id":799,"date":"2020-11-30T10:27:33","date_gmt":"2020-11-30T09:27:33","guid":{"rendered":"https:\/\/www.rescue.tiki-factory.com\/?post_type=product&#038;p=799"},"modified":"2025-10-11T17:05:44","modified_gmt":"2025-10-11T15:05:44","slug":"plateforme-rescue-gonflable","status":"publish","type":"product","link":"https:\/\/www.rescue.tiki-factory.com\/en\/planches-et-plateformes\/plateforme-rescue-gonflable\/","title":{"rendered":"INFLATABLE RESCUE PLATFORM"},"content":{"rendered":"<p>Construction: This platform is manually designed with a process that consists of sewing hundreds of threads between the deck and the hull allowing it to withstand a pressure of almost 1 bar (15 psi) without deforming.<\/p>\n<p>The basic structure, once sewn, then receives by gluing widths of PVC fabric reinforcements to guarantee watertightness and impact resistance on the principle of rafting boats.<\/p>\n<p>This platform can be easily embarked on a boat or in a car.<\/p>\n<p>Inflation is carried out in 2 minutes with an electric pump and they allow 2 types of interventions:<\/p>\n<p>\u2013 Rescue during floods by allowing the collection of up to 4 people, or a stretcher or 300 kg of equipment.<br \/>\n\u2013 Surveillance station at sea on very busy beaches or during aquatic sports events.<\/p>\n<p>Equipment: this platform is equipped with 4 handles and 4 stainless steel eyelets as well as 2 EVA strips placed at the center distance of a stretcher.<\/p>\n<p>The bottom is reinforced to withstand difficult conditions such as branches in torrents.<\/p>","protected":false},"excerpt":{"rendered":"<p>The inflatable RESCUE platform<\/p>\n<p>Specially intended for urgent situations - easily transportable - very resistant.<\/p>\n<p>length: 200 cm<br \/>\nwidth: 150 cm<br \/>\nthickness: 20 cm<\/p>\n<p>weight: approx.12 kg<\/p>","protected":false},"featured_media":800,"template":"","meta":[],"product_cat":[40],"product_tag":[],"yoast_head":"<!-- This site is optimized with the Yoast SEO plugin v21.1 - https:\/\/yoast.com\/wordpress\/plugins\/seo\/ -->\n<title>TIKI FACTORY RESCUE ~ PLATEFORME RESCUE GONFLABLE<\/title>\n<meta name=\"robots\" content=\"index, follow, max-snippet:-1, max-image-preview:large, max-video-preview:-1\" \/>\n<link rel=\"canonical\" href=\"https:\/\/www.rescue.tiki-factory.com\/en\/planches-et-plateformes\/plateforme-rescue-gonflable\/\" \/>\n<meta property=\"og:locale\" content=\"en_GB\" \/>\n<meta property=\"og:type\" content=\"article\" \/>\n<meta property=\"og:title\" content=\"TIKI FACTORY RESCUE ~ PLATEFORME RESCUE GONFLABLE\" \/>\n<meta property=\"og:description\" content=\"La plateforme RESCUE gonflable  Sp\u00e9cialement destin\u00e9e aux situations urgentes - facilement transportable - tr\u00e8s r\u00e9sistante.  longueur : 200 cm largeur : 150 cm \u00e9paisseur : 20 cm  poids : 12 kg environ\" \/>\n<meta property=\"og:url\" content=\"https:\/\/www.rescue.tiki-factory.com\/en\/planches-et-plateformes\/plateforme-rescue-gonflable\/\" \/>\n<meta property=\"og:site_name\" content=\"TIKI FACTORY RESCUE\" \/>\n<meta property=\"article:publisher\" content=\"https:\/\/www.facebook.com\/TIKI-Factory-472166199484072\" \/>\n<meta property=\"article:modified_time\" content=\"2025-10-11T15:05:44+00:00\" \/>\n<meta property=\"og:image\" content=\"https:\/\/www.rescue.tiki-factory.com\/wp-content\/uploads\/2020\/11\/plateforme-rescue.png\" \/>\n\t<meta property=\"og:image:width\" content=\"960\" \/>\n\t<meta property=\"og:image:height\" content=\"960\" \/>\n\t<meta property=\"og:image:type\" content=\"image\/png\" \/>\n<meta name=\"twitter:card\" content=\"summary_large_image\" \/>\n<meta name=\"twitter:label1\" content=\"Estimated reading time\" \/>\n\t<meta name=\"twitter:data1\" content=\"1 minute\" \/>\n<script type=\"application\/ld+json\" class=\"yoast-schema-graph\">{\"@context\":\"https:\/\/schema.org\",\"@graph\":[{\"@type\":\"WebPage\",\"@id\":\"https:\/\/www.rescue.tiki-factory.com\/en\/planches-et-plateformes\/plateforme-rescue-gonflable\/\",\"url\":\"https:\/\/www.rescue.tiki-factory.com\/en\/planches-et-plateformes\/plateforme-rescue-gonflable\/\",\"name\":\"TIKI FACTORY RESCUE ~ PLATEFORME RESCUE GONFLABLE\",\"isPartOf\":{\"@id\":\"https:\/\/www.rescue.tiki-factory.com\/en\/#website\"},\"datePublished\":\"2020-11-30T09:27:33+00:00\",\"dateModified\":\"2025-10-11T15:05:44+00:00\",\"breadcrumb\":{\"@id\":\"https:\/\/www.rescue.tiki-factory.com\/en\/planches-et-plateformes\/plateforme-rescue-gonflable\/#breadcrumb\"},\"inLanguage\":\"en-GB\",\"potentialAction\":[{\"@type\":\"ReadAction\",\"target\":[\"https:\/\/www.rescue.tiki-factory.com\/en\/planches-et-plateformes\/plateforme-rescue-gonflable\/\"]}]},{\"@type\":\"BreadcrumbList\",\"@id\":\"https:\/\/www.rescue.tiki-factory.com\/en\/planches-et-plateformes\/plateforme-rescue-gonflable\/#breadcrumb\",\"itemListElement\":[{\"@type\":\"ListItem\",\"position\":1,\"name\":\"Accueil\",\"item\":\"https:\/\/www.rescue.tiki-factory.com\/\"},{\"@type\":\"ListItem\",\"position\":2,\"name\":\"Boutique\",\"item\":\"https:\/\/www.rescue.tiki-factory.com\/boutique\/\"},{\"@type\":\"ListItem\",\"position\":3,\"name\":\"PLATEFORME RESCUE GONFLABLE\"}]},{\"@type\":\"WebSite\",\"@id\":\"https:\/\/www.rescue.tiki-factory.com\/en\/#website\",\"url\":\"https:\/\/www.rescue.tiki-factory.com\/en\/\",\"name\":\"TIKI FACTORY RESCUE\",\"description\":\"Vente de paddles et accessoires en ligne pour le sauvetage\",\"publisher\":{\"@id\":\"https:\/\/www.rescue.tiki-factory.com\/en\/#organization\"},\"potentialAction\":[{\"@type\":\"SearchAction\",\"target\":{\"@type\":\"EntryPoint\",\"urlTemplate\":\"https:\/\/www.rescue.tiki-factory.com\/en\/?s={search_term_string}\"},\"query-input\":\"required name=search_term_string\"}],\"inLanguage\":\"en-GB\"},{\"@type\":\"Organization\",\"@id\":\"https:\/\/www.rescue.tiki-factory.com\/en\/#organization\",\"name\":\"TIKI FACTORY\",\"url\":\"https:\/\/www.rescue.tiki-factory.com\/en\/\",\"logo\":{\"@type\":\"ImageObject\",\"inLanguage\":\"en-GB\",\"@id\":\"https:\/\/www.rescue.tiki-factory.com\/en\/#\/schema\/logo\/image\/\",\"url\":\"https:\/\/www.rescue.tiki-factory.com\/wp-content\/uploads\/2020\/12\/image-partage-facebook-tiki-factory-rescue.jpg\",\"contentUrl\":\"https:\/\/www.rescue.tiki-factory.com\/wp-content\/uploads\/2020\/12\/image-partage-facebook-tiki-factory-rescue.jpg\",\"width\":1200,\"height\":629,\"caption\":\"TIKI FACTORY\"},\"image\":{\"@id\":\"https:\/\/www.rescue.tiki-factory.com\/en\/#\/schema\/logo\/image\/\"},\"sameAs\":[\"https:\/\/www.facebook.com\/TIKI-Factory-472166199484072\",\"https:\/\/www.youtube.com\/channel\/UCDhHkHdueO5AGNLAVD8VZsg\"]}]}<\/script>\n<!-- \/ Yoast SEO plugin. -->","yoast_head_json":{"title":"TIKI FACTORY RESCUE ~ PLATEFORME RESCUE GONFLABLE","robots":{"index":"index","follow":"follow","max-snippet":"max-snippet:-1","max-image-preview":"max-image-preview:large","max-video-preview":"max-video-preview:-1"},"canonical":"https:\/\/www.rescue.tiki-factory.com\/en\/planches-et-plateformes\/plateforme-rescue-gonflable\/","og_locale":"en_GB","og_type":"article","og_title":"TIKI FACTORY RESCUE ~ PLATEFORME RESCUE GONFLABLE","og_description":"La plateforme RESCUE gonflable  Sp\u00e9cialement destin\u00e9e aux situations urgentes - facilement transportable - tr\u00e8s r\u00e9sistante.  longueur : 200 cm largeur : 150 cm \u00e9paisseur : 20 cm  poids : 12 kg environ","og_url":"https:\/\/www.rescue.tiki-factory.com\/en\/planches-et-plateformes\/plateforme-rescue-gonflable\/","og_site_name":"TIKI FACTORY RESCUE","article_publisher":"https:\/\/www.facebook.com\/TIKI-Factory-472166199484072","article_modified_time":"2025-10-11T15:05:44+00:00","og_image":[{"width":960,"height":960,"url":"https:\/\/www.rescue.tiki-factory.com\/wp-content\/uploads\/2020\/11\/plateforme-rescue.png","type":"image\/png"}],"twitter_card":"summary_large_image","twitter_misc":{"Estimated reading time":"1 minute"},"schema":{"@context":"https:\/\/schema.org","@graph":[{"@type":"WebPage","@id":"https:\/\/www.rescue.tiki-factory.com\/en\/planches-et-plateformes\/plateforme-rescue-gonflable\/","url":"https:\/\/www.rescue.tiki-factory.com\/en\/planches-et-plateformes\/plateforme-rescue-gonflable\/","name":"TIKI FACTORY RESCUE ~ PLATEFORME RESCUE GONFLABLE","isPartOf":{"@id":"https:\/\/www.rescue.tiki-factory.com\/en\/#website"},"datePublished":"2020-11-30T09:27:33+00:00","dateModified":"2025-10-11T15:05:44+00:00","breadcrumb":{"@id":"https:\/\/www.rescue.tiki-factory.com\/en\/planches-et-plateformes\/plateforme-rescue-gonflable\/#breadcrumb"},"inLanguage":"en-GB","potentialAction":[{"@type":"ReadAction","target":["https:\/\/www.rescue.tiki-factory.com\/en\/planches-et-plateformes\/plateforme-rescue-gonflable\/"]}]},{"@type":"BreadcrumbList","@id":"https:\/\/www.rescue.tiki-factory.com\/en\/planches-et-plateformes\/plateforme-rescue-gonflable\/#breadcrumb","itemListElement":[{"@type":"ListItem","position":1,"name":"Accueil","item":"https:\/\/www.rescue.tiki-factory.com\/"},{"@type":"ListItem","position":2,"name":"Boutique","item":"https:\/\/www.rescue.tiki-factory.com\/boutique\/"},{"@type":"ListItem","position":3,"name":"PLATEFORME RESCUE GONFLABLE"}]},{"@type":"WebSite","@id":"https:\/\/www.rescue.tiki-factory.com\/en\/#website","url":"https:\/\/www.rescue.tiki-factory.com\/en\/","name":"TIKI FACTORY RESCUE","description":"Vente de paddles et accessoires en ligne pour le sauvetage","publisher":{"@id":"https:\/\/www.rescue.tiki-factory.com\/en\/#organization"},"potentialAction":[{"@type":"SearchAction","target":{"@type":"EntryPoint","urlTemplate":"https:\/\/www.rescue.tiki-factory.com\/en\/?s={search_term_string}"},"query-input":"required name=search_term_string"}],"inLanguage":"en-GB"},{"@type":"Organization","@id":"https:\/\/www.rescue.tiki-factory.com\/en\/#organization","name":"TIKI FACTORY","url":"https:\/\/www.rescue.tiki-factory.com\/en\/","logo":{"@type":"ImageObject","inLanguage":"en-GB","@id":"https:\/\/www.rescue.tiki-factory.com\/en\/#\/schema\/logo\/image\/","url":"https:\/\/www.rescue.tiki-factory.com\/wp-content\/uploads\/2020\/12\/image-partage-facebook-tiki-factory-rescue.jpg","contentUrl":"https:\/\/www.rescue.tiki-factory.com\/wp-content\/uploads\/2020\/12\/image-partage-facebook-tiki-factory-rescue.jpg","width":1200,"height":629,"caption":"TIKI FACTORY"},"image":{"@id":"https:\/\/www.rescue.tiki-factory.com\/en\/#\/schema\/logo\/image\/"},"sameAs":["https:\/\/www.facebook.com\/TIKI-Factory-472166199484072","https:\/\/www.youtube.com\/channel\/UCDhHkHdueO5AGNLAVD8VZsg"]}]}},"_links":{"self":[{"href":"https:\/\/www.rescue.tiki-factory.com\/en\/wp-json\/wp\/v2\/product\/799"}],"collection":[{"href":"https:\/\/www.rescue.tiki-factory.com\/en\/wp-json\/wp\/v2\/product"}],"about":[{"href":"https:\/\/www.rescue.tiki-factory.com\/en\/wp-json\/wp\/v2\/types\/product"}],"wp:featuredmedia":[{"embeddable":true,"href":"https:\/\/www.rescue.tiki-factory.com\/en\/wp-json\/wp\/v2\/media\/800"}],"wp:attachment":[{"href":"https:\/\/www.rescue.tiki-factory.com\/en\/wp-json\/wp\/v2\/media?parent=799"}],"wp:term":[{"taxonomy":"product_cat","embeddable":true,"href":"https:\/\/www.rescue.tiki-factory.com\/en\/wp-json\/wp\/v2\/product_cat?post=799"},{"taxonomy":"product_tag","embeddable":true,"href":"https:\/\/www.rescue.tiki-factory.com\/en\/wp-json\/wp\/v2\/product_tag?post=799"}],"curies":[{"name":"wp","href":"https:\/\/api.w.org\/{rel}","templated":true}]}}