{"id":790,"date":"2020-11-30T10:18:33","date_gmt":"2020-11-30T09:18:33","guid":{"rendered":"https:\/\/www.rescue.tiki-factory.com\/?post_type=product&#038;p=790"},"modified":"2025-04-03T18:37:13","modified_gmt":"2025-04-03T16:37:13","slug":"systeme-de-gonflage-40-secondes-complet","status":"publish","type":"product","link":"https:\/\/www.rescue.tiki-factory.com\/en\/accessoires\/systeme-de-gonflage-40-secondes-complet\/","title":{"rendered":"full 40 seconds INFLATION SYSTEM"},"content":{"rendered":"<p>The AUTOMATIC COMPRESSED AIR INFLATION SYSTEM:<br \/>\nINFLATION KIT: 1st stage V3 with 15 psi inflator and 76 cm hoses. After 1 year of testing and joint development BEUCHAT &amp; TIKI FACTORY, we offer you a system allowing you to very quickly inflate boards designed with high pressure (15 psi)<br \/>\nThe system is designed to inflate a board as quickly as possible by securing the inflation on a setpoint of 15 psi. The destination is both the rescue services, professional rental companies or owners of large boats who are looking for rapid, nomadic inflation, without the need for electricity and with low noise pollution.<\/p>","protected":false},"excerpt":{"rendered":"<p>Inflation system with tared holder at 15 psi.<br \/>\nAutomatic inflation system for 2 liter bottle to inflate a paddle in 40 seconds independently.<br \/>\nComes with a storage bag.<\/p>","protected":false},"featured_media":792,"template":"","meta":[],"product_cat":[41],"product_tag":[],"yoast_head":"<!-- This site is optimized with the Yoast SEO plugin v21.1 - https:\/\/yoast.com\/wordpress\/plugins\/seo\/ -->\n<title>TIKI FACTORY RESCUE ~ SYSTEME DE GONFLAGE 40 secondes complet<\/title>\n<meta name=\"robots\" content=\"index, follow, max-snippet:-1, max-image-preview:large, max-video-preview:-1\" \/>\n<link rel=\"canonical\" href=\"https:\/\/www.rescue.tiki-factory.com\/en\/accessoires\/systeme-de-gonflage-40-secondes-complet\/\" \/>\n<meta property=\"og:locale\" content=\"en_GB\" \/>\n<meta property=\"og:type\" content=\"article\" \/>\n<meta property=\"og:title\" content=\"TIKI FACTORY RESCUE ~ SYSTEME DE GONFLAGE 40 secondes complet\" \/>\n<meta property=\"og:description\" content=\"Syst\u00e8me de gonflage avec d\u00e9tenteur tar\u00e9 \u00e0 15 psi. Syst\u00e8me automatique de gonflage avec bouteille de 2 litres pour gonfler un paddle en 40 secondes de maniere autonome. Livr\u00e9 avec une sacoche de rangement.\" \/>\n<meta property=\"og:url\" content=\"https:\/\/www.rescue.tiki-factory.com\/en\/accessoires\/systeme-de-gonflage-40-secondes-complet\/\" \/>\n<meta property=\"og:site_name\" content=\"TIKI FACTORY RESCUE\" \/>\n<meta property=\"article:publisher\" content=\"https:\/\/www.facebook.com\/TIKI-Factory-472166199484072\" \/>\n<meta property=\"article:modified_time\" content=\"2025-04-03T16:37:13+00:00\" \/>\n<meta property=\"og:image\" content=\"https:\/\/www.rescue.tiki-factory.com\/wp-content\/uploads\/2020\/11\/systeme-gonflage-40s.jpg\" \/>\n\t<meta property=\"og:image:width\" content=\"960\" \/>\n\t<meta property=\"og:image:height\" content=\"959\" \/>\n\t<meta property=\"og:image:type\" content=\"image\/jpeg\" \/>\n<meta name=\"twitter:card\" content=\"summary_large_image\" \/>\n<meta name=\"twitter:label1\" content=\"Estimated reading time\" \/>\n\t<meta name=\"twitter:data1\" content=\"1 minute\" \/>\n<script type=\"application\/ld+json\" class=\"yoast-schema-graph\">{\"@context\":\"https:\/\/schema.org\",\"@graph\":[{\"@type\":\"WebPage\",\"@id\":\"https:\/\/www.rescue.tiki-factory.com\/en\/accessoires\/systeme-de-gonflage-40-secondes-complet\/\",\"url\":\"https:\/\/www.rescue.tiki-factory.com\/en\/accessoires\/systeme-de-gonflage-40-secondes-complet\/\",\"name\":\"TIKI FACTORY RESCUE ~ SYSTEME DE GONFLAGE 40 secondes complet\",\"isPartOf\":{\"@id\":\"https:\/\/www.rescue.tiki-factory.com\/en\/#website\"},\"datePublished\":\"2020-11-30T09:18:33+00:00\",\"dateModified\":\"2025-04-03T16:37:13+00:00\",\"breadcrumb\":{\"@id\":\"https:\/\/www.rescue.tiki-factory.com\/en\/accessoires\/systeme-de-gonflage-40-secondes-complet\/#breadcrumb\"},\"inLanguage\":\"en-GB\",\"potentialAction\":[{\"@type\":\"ReadAction\",\"target\":[\"https:\/\/www.rescue.tiki-factory.com\/en\/accessoires\/systeme-de-gonflage-40-secondes-complet\/\"]}]},{\"@type\":\"BreadcrumbList\",\"@id\":\"https:\/\/www.rescue.tiki-factory.com\/en\/accessoires\/systeme-de-gonflage-40-secondes-complet\/#breadcrumb\",\"itemListElement\":[{\"@type\":\"ListItem\",\"position\":1,\"name\":\"Accueil\",\"item\":\"https:\/\/www.rescue.tiki-factory.com\/\"},{\"@type\":\"ListItem\",\"position\":2,\"name\":\"Boutique\",\"item\":\"https:\/\/www.rescue.tiki-factory.com\/boutique\/\"},{\"@type\":\"ListItem\",\"position\":3,\"name\":\"SYSTEME DE GONFLAGE 40 secondes complet\"}]},{\"@type\":\"WebSite\",\"@id\":\"https:\/\/www.rescue.tiki-factory.com\/en\/#website\",\"url\":\"https:\/\/www.rescue.tiki-factory.com\/en\/\",\"name\":\"TIKI FACTORY RESCUE\",\"description\":\"Vente de paddles et accessoires en ligne pour le sauvetage\",\"publisher\":{\"@id\":\"https:\/\/www.rescue.tiki-factory.com\/en\/#organization\"},\"potentialAction\":[{\"@type\":\"SearchAction\",\"target\":{\"@type\":\"EntryPoint\",\"urlTemplate\":\"https:\/\/www.rescue.tiki-factory.com\/en\/?s={search_term_string}\"},\"query-input\":\"required name=search_term_string\"}],\"inLanguage\":\"en-GB\"},{\"@type\":\"Organization\",\"@id\":\"https:\/\/www.rescue.tiki-factory.com\/en\/#organization\",\"name\":\"TIKI FACTORY\",\"url\":\"https:\/\/www.rescue.tiki-factory.com\/en\/\",\"logo\":{\"@type\":\"ImageObject\",\"inLanguage\":\"en-GB\",\"@id\":\"https:\/\/www.rescue.tiki-factory.com\/en\/#\/schema\/logo\/image\/\",\"url\":\"https:\/\/www.rescue.tiki-factory.com\/wp-content\/uploads\/2020\/12\/image-partage-facebook-tiki-factory-rescue.jpg\",\"contentUrl\":\"https:\/\/www.rescue.tiki-factory.com\/wp-content\/uploads\/2020\/12\/image-partage-facebook-tiki-factory-rescue.jpg\",\"width\":1200,\"height\":629,\"caption\":\"TIKI FACTORY\"},\"image\":{\"@id\":\"https:\/\/www.rescue.tiki-factory.com\/en\/#\/schema\/logo\/image\/\"},\"sameAs\":[\"https:\/\/www.facebook.com\/TIKI-Factory-472166199484072\",\"https:\/\/www.youtube.com\/channel\/UCDhHkHdueO5AGNLAVD8VZsg\"]}]}<\/script>\n<!-- \/ Yoast SEO plugin. -->","yoast_head_json":{"title":"TIKI FACTORY RESCUE ~ SYSTEME DE GONFLAGE 40 secondes complet","robots":{"index":"index","follow":"follow","max-snippet":"max-snippet:-1","max-image-preview":"max-image-preview:large","max-video-preview":"max-video-preview:-1"},"canonical":"https:\/\/www.rescue.tiki-factory.com\/en\/accessoires\/systeme-de-gonflage-40-secondes-complet\/","og_locale":"en_GB","og_type":"article","og_title":"TIKI FACTORY RESCUE ~ SYSTEME DE GONFLAGE 40 secondes complet","og_description":"Syst\u00e8me de gonflage avec d\u00e9tenteur tar\u00e9 \u00e0 15 psi. Syst\u00e8me automatique de gonflage avec bouteille de 2 litres pour gonfler un paddle en 40 secondes de maniere autonome. Livr\u00e9 avec une sacoche de rangement.","og_url":"https:\/\/www.rescue.tiki-factory.com\/en\/accessoires\/systeme-de-gonflage-40-secondes-complet\/","og_site_name":"TIKI FACTORY RESCUE","article_publisher":"https:\/\/www.facebook.com\/TIKI-Factory-472166199484072","article_modified_time":"2025-04-03T16:37:13+00:00","og_image":[{"width":960,"height":959,"url":"https:\/\/www.rescue.tiki-factory.com\/wp-content\/uploads\/2020\/11\/systeme-gonflage-40s.jpg","type":"image\/jpeg"}],"twitter_card":"summary_large_image","twitter_misc":{"Estimated reading time":"1 minute"},"schema":{"@context":"https:\/\/schema.org","@graph":[{"@type":"WebPage","@id":"https:\/\/www.rescue.tiki-factory.com\/en\/accessoires\/systeme-de-gonflage-40-secondes-complet\/","url":"https:\/\/www.rescue.tiki-factory.com\/en\/accessoires\/systeme-de-gonflage-40-secondes-complet\/","name":"TIKI FACTORY RESCUE ~ SYSTEME DE GONFLAGE 40 secondes complet","isPartOf":{"@id":"https:\/\/www.rescue.tiki-factory.com\/en\/#website"},"datePublished":"2020-11-30T09:18:33+00:00","dateModified":"2025-04-03T16:37:13+00:00","breadcrumb":{"@id":"https:\/\/www.rescue.tiki-factory.com\/en\/accessoires\/systeme-de-gonflage-40-secondes-complet\/#breadcrumb"},"inLanguage":"en-GB","potentialAction":[{"@type":"ReadAction","target":["https:\/\/www.rescue.tiki-factory.com\/en\/accessoires\/systeme-de-gonflage-40-secondes-complet\/"]}]},{"@type":"BreadcrumbList","@id":"https:\/\/www.rescue.tiki-factory.com\/en\/accessoires\/systeme-de-gonflage-40-secondes-complet\/#breadcrumb","itemListElement":[{"@type":"ListItem","position":1,"name":"Accueil","item":"https:\/\/www.rescue.tiki-factory.com\/"},{"@type":"ListItem","position":2,"name":"Boutique","item":"https:\/\/www.rescue.tiki-factory.com\/boutique\/"},{"@type":"ListItem","position":3,"name":"SYSTEME DE GONFLAGE 40 secondes complet"}]},{"@type":"WebSite","@id":"https:\/\/www.rescue.tiki-factory.com\/en\/#website","url":"https:\/\/www.rescue.tiki-factory.com\/en\/","name":"TIKI FACTORY RESCUE","description":"Vente de paddles et accessoires en ligne pour le sauvetage","publisher":{"@id":"https:\/\/www.rescue.tiki-factory.com\/en\/#organization"},"potentialAction":[{"@type":"SearchAction","target":{"@type":"EntryPoint","urlTemplate":"https:\/\/www.rescue.tiki-factory.com\/en\/?s={search_term_string}"},"query-input":"required name=search_term_string"}],"inLanguage":"en-GB"},{"@type":"Organization","@id":"https:\/\/www.rescue.tiki-factory.com\/en\/#organization","name":"TIKI FACTORY","url":"https:\/\/www.rescue.tiki-factory.com\/en\/","logo":{"@type":"ImageObject","inLanguage":"en-GB","@id":"https:\/\/www.rescue.tiki-factory.com\/en\/#\/schema\/logo\/image\/","url":"https:\/\/www.rescue.tiki-factory.com\/wp-content\/uploads\/2020\/12\/image-partage-facebook-tiki-factory-rescue.jpg","contentUrl":"https:\/\/www.rescue.tiki-factory.com\/wp-content\/uploads\/2020\/12\/image-partage-facebook-tiki-factory-rescue.jpg","width":1200,"height":629,"caption":"TIKI FACTORY"},"image":{"@id":"https:\/\/www.rescue.tiki-factory.com\/en\/#\/schema\/logo\/image\/"},"sameAs":["https:\/\/www.facebook.com\/TIKI-Factory-472166199484072","https:\/\/www.youtube.com\/channel\/UCDhHkHdueO5AGNLAVD8VZsg"]}]}},"_links":{"self":[{"href":"https:\/\/www.rescue.tiki-factory.com\/en\/wp-json\/wp\/v2\/product\/790"}],"collection":[{"href":"https:\/\/www.rescue.tiki-factory.com\/en\/wp-json\/wp\/v2\/product"}],"about":[{"href":"https:\/\/www.rescue.tiki-factory.com\/en\/wp-json\/wp\/v2\/types\/product"}],"wp:featuredmedia":[{"embeddable":true,"href":"https:\/\/www.rescue.tiki-factory.com\/en\/wp-json\/wp\/v2\/media\/792"}],"wp:attachment":[{"href":"https:\/\/www.rescue.tiki-factory.com\/en\/wp-json\/wp\/v2\/media?parent=790"}],"wp:term":[{"taxonomy":"product_cat","embeddable":true,"href":"https:\/\/www.rescue.tiki-factory.com\/en\/wp-json\/wp\/v2\/product_cat?post=790"},{"taxonomy":"product_tag","embeddable":true,"href":"https:\/\/www.rescue.tiki-factory.com\/en\/wp-json\/wp\/v2\/product_tag?post=790"}],"curies":[{"name":"wp","href":"https:\/\/api.w.org\/{rel}","templated":true}]}}