{"id":2115,"date":"2025-10-11T17:02:46","date_gmt":"2025-10-11T15:02:46","guid":{"rendered":"https:\/\/www.rescue.tiki-factory.com\/?post_type=product&#038;p=2115"},"modified":"2026-01-28T14:57:50","modified_gmt":"2026-01-28T13:57:50","slug":"palme-lagon","status":"publish","type":"product","link":"https:\/\/www.rescue.tiki-factory.com\/en\/accessoires\/palme-lagon\/","title":{"rendered":"LAGON FINS"},"content":{"rendered":"","protected":false},"excerpt":{"rendered":"<p>Palme bi mati\u00e8re : EVA &#8211; \u00e9lastom\u00e8re.<\/p>\n<p>Id\u00e9ales pour le sauvetage aussi bien op\u00e9rationnel qu\u2019entrainement et tr\u00e8s agr\u00e9ables d&rsquo;utilisation.<\/p>\n<p>Voilure avec tuy\u00e8res. Chausson avec languette de suspension et soufflet d&rsquo;aisance.<\/p>\n<p>Tailles version r\u00e9glable : 34\/37 &#8211; 38\/41 &#8211; 42\/45<\/p>\n<p>Tailles version chaussante : 30\/32 &#8211; 33\/34 &#8211; 35\/36 &#8211; 37\/38 &#8211; 39\/40 &#8211; 41\/42 &#8211; 43\/44 &#8211; 45\/46<\/p>\n<p>Long.voilure 21 \u00e0 30 cm<\/p>","protected":false},"featured_media":2158,"template":"","meta":[],"product_cat":[41],"product_tag":[],"yoast_head":"<!-- This site is optimized with the Yoast SEO plugin v21.1 - https:\/\/yoast.com\/wordpress\/plugins\/seo\/ -->\n<title>TIKI FACTORY RESCUE ~ PALME LAGON<\/title>\n<meta name=\"robots\" content=\"index, follow, max-snippet:-1, max-image-preview:large, max-video-preview:-1\" \/>\n<link rel=\"canonical\" href=\"https:\/\/www.rescue.tiki-factory.com\/en\/accessoires\/palme-lagon\/\" \/>\n<meta property=\"og:locale\" content=\"en_GB\" \/>\n<meta property=\"og:type\" content=\"article\" \/>\n<meta property=\"og:title\" content=\"TIKI FACTORY RESCUE ~ PALME LAGON\" \/>\n<meta property=\"og:description\" content=\"Palme bi mati\u00e8re : EVA - \u00e9lastom\u00e8re.  Id\u00e9ales pour le sauvetage aussi bien op\u00e9rationnel qu\u2019entrainement et tr\u00e8s agr\u00e9ables d&#039;utilisation.  Voilure avec tuy\u00e8res. Chausson avec languette de suspension et soufflet d&#039;aisance.  Tailles version r\u00e9glable : 34\/37 - 38\/41 - 42\/45  Tailles version chaussante : 30\/32 - 33\/34 - 35\/36 - 37\/38 - 39\/40 - 41\/42 - 43\/44 - 45\/46  Long.voilure 21 \u00e0 30 cm\" \/>\n<meta property=\"og:url\" content=\"https:\/\/www.rescue.tiki-factory.com\/en\/accessoires\/palme-lagon\/\" \/>\n<meta property=\"og:site_name\" content=\"TIKI FACTORY RESCUE\" \/>\n<meta property=\"article:publisher\" content=\"https:\/\/www.facebook.com\/TIKI-Factory-472166199484072\" \/>\n<meta property=\"article:modified_time\" content=\"2026-01-28T13:57:50+00:00\" \/>\n<meta property=\"og:image\" content=\"https:\/\/www.rescue.tiki-factory.com\/wp-content\/uploads\/2025\/10\/palme-lagon.jpeg\" \/>\n\t<meta property=\"og:image:width\" content=\"960\" \/>\n\t<meta property=\"og:image:height\" content=\"960\" \/>\n\t<meta property=\"og:image:type\" content=\"image\/jpeg\" \/>\n<meta name=\"twitter:card\" content=\"summary_large_image\" \/>\n<script type=\"application\/ld+json\" class=\"yoast-schema-graph\">{\"@context\":\"https:\/\/schema.org\",\"@graph\":[{\"@type\":\"WebPage\",\"@id\":\"https:\/\/www.rescue.tiki-factory.com\/en\/accessoires\/palme-lagon\/\",\"url\":\"https:\/\/www.rescue.tiki-factory.com\/en\/accessoires\/palme-lagon\/\",\"name\":\"TIKI FACTORY RESCUE ~ PALME LAGON\",\"isPartOf\":{\"@id\":\"https:\/\/www.rescue.tiki-factory.com\/en\/#website\"},\"datePublished\":\"2025-10-11T15:02:46+00:00\",\"dateModified\":\"2026-01-28T13:57:50+00:00\",\"breadcrumb\":{\"@id\":\"https:\/\/www.rescue.tiki-factory.com\/en\/accessoires\/palme-lagon\/#breadcrumb\"},\"inLanguage\":\"en-GB\",\"potentialAction\":[{\"@type\":\"ReadAction\",\"target\":[\"https:\/\/www.rescue.tiki-factory.com\/en\/accessoires\/palme-lagon\/\"]}]},{\"@type\":\"BreadcrumbList\",\"@id\":\"https:\/\/www.rescue.tiki-factory.com\/en\/accessoires\/palme-lagon\/#breadcrumb\",\"itemListElement\":[{\"@type\":\"ListItem\",\"position\":1,\"name\":\"Accueil\",\"item\":\"https:\/\/www.rescue.tiki-factory.com\/\"},{\"@type\":\"ListItem\",\"position\":2,\"name\":\"Boutique\",\"item\":\"https:\/\/www.rescue.tiki-factory.com\/boutique\/\"},{\"@type\":\"ListItem\",\"position\":3,\"name\":\"PALME LAGON\"}]},{\"@type\":\"WebSite\",\"@id\":\"https:\/\/www.rescue.tiki-factory.com\/en\/#website\",\"url\":\"https:\/\/www.rescue.tiki-factory.com\/en\/\",\"name\":\"TIKI FACTORY RESCUE\",\"description\":\"Vente de paddles et accessoires en ligne pour le sauvetage\",\"publisher\":{\"@id\":\"https:\/\/www.rescue.tiki-factory.com\/en\/#organization\"},\"potentialAction\":[{\"@type\":\"SearchAction\",\"target\":{\"@type\":\"EntryPoint\",\"urlTemplate\":\"https:\/\/www.rescue.tiki-factory.com\/en\/?s={search_term_string}\"},\"query-input\":\"required name=search_term_string\"}],\"inLanguage\":\"en-GB\"},{\"@type\":\"Organization\",\"@id\":\"https:\/\/www.rescue.tiki-factory.com\/en\/#organization\",\"name\":\"TIKI FACTORY\",\"url\":\"https:\/\/www.rescue.tiki-factory.com\/en\/\",\"logo\":{\"@type\":\"ImageObject\",\"inLanguage\":\"en-GB\",\"@id\":\"https:\/\/www.rescue.tiki-factory.com\/en\/#\/schema\/logo\/image\/\",\"url\":\"https:\/\/www.rescue.tiki-factory.com\/wp-content\/uploads\/2020\/12\/image-partage-facebook-tiki-factory-rescue.jpg\",\"contentUrl\":\"https:\/\/www.rescue.tiki-factory.com\/wp-content\/uploads\/2020\/12\/image-partage-facebook-tiki-factory-rescue.jpg\",\"width\":1200,\"height\":629,\"caption\":\"TIKI FACTORY\"},\"image\":{\"@id\":\"https:\/\/www.rescue.tiki-factory.com\/en\/#\/schema\/logo\/image\/\"},\"sameAs\":[\"https:\/\/www.facebook.com\/TIKI-Factory-472166199484072\",\"https:\/\/www.youtube.com\/channel\/UCDhHkHdueO5AGNLAVD8VZsg\"]}]}<\/script>\n<!-- \/ Yoast SEO plugin. -->","yoast_head_json":{"title":"TIKI FACTORY RESCUE ~ PALME LAGON","robots":{"index":"index","follow":"follow","max-snippet":"max-snippet:-1","max-image-preview":"max-image-preview:large","max-video-preview":"max-video-preview:-1"},"canonical":"https:\/\/www.rescue.tiki-factory.com\/en\/accessoires\/palme-lagon\/","og_locale":"en_GB","og_type":"article","og_title":"TIKI FACTORY RESCUE ~ PALME LAGON","og_description":"Palme bi mati\u00e8re : EVA - \u00e9lastom\u00e8re.  Id\u00e9ales pour le sauvetage aussi bien op\u00e9rationnel qu\u2019entrainement et tr\u00e8s agr\u00e9ables d'utilisation.  Voilure avec tuy\u00e8res. Chausson avec languette de suspension et soufflet d'aisance.  Tailles version r\u00e9glable : 34\/37 - 38\/41 - 42\/45  Tailles version chaussante : 30\/32 - 33\/34 - 35\/36 - 37\/38 - 39\/40 - 41\/42 - 43\/44 - 45\/46  Long.voilure 21 \u00e0 30 cm","og_url":"https:\/\/www.rescue.tiki-factory.com\/en\/accessoires\/palme-lagon\/","og_site_name":"TIKI FACTORY RESCUE","article_publisher":"https:\/\/www.facebook.com\/TIKI-Factory-472166199484072","article_modified_time":"2026-01-28T13:57:50+00:00","og_image":[{"width":960,"height":960,"url":"https:\/\/www.rescue.tiki-factory.com\/wp-content\/uploads\/2025\/10\/palme-lagon.jpeg","type":"image\/jpeg"}],"twitter_card":"summary_large_image","schema":{"@context":"https:\/\/schema.org","@graph":[{"@type":"WebPage","@id":"https:\/\/www.rescue.tiki-factory.com\/en\/accessoires\/palme-lagon\/","url":"https:\/\/www.rescue.tiki-factory.com\/en\/accessoires\/palme-lagon\/","name":"TIKI FACTORY RESCUE ~ PALME LAGON","isPartOf":{"@id":"https:\/\/www.rescue.tiki-factory.com\/en\/#website"},"datePublished":"2025-10-11T15:02:46+00:00","dateModified":"2026-01-28T13:57:50+00:00","breadcrumb":{"@id":"https:\/\/www.rescue.tiki-factory.com\/en\/accessoires\/palme-lagon\/#breadcrumb"},"inLanguage":"en-GB","potentialAction":[{"@type":"ReadAction","target":["https:\/\/www.rescue.tiki-factory.com\/en\/accessoires\/palme-lagon\/"]}]},{"@type":"BreadcrumbList","@id":"https:\/\/www.rescue.tiki-factory.com\/en\/accessoires\/palme-lagon\/#breadcrumb","itemListElement":[{"@type":"ListItem","position":1,"name":"Accueil","item":"https:\/\/www.rescue.tiki-factory.com\/"},{"@type":"ListItem","position":2,"name":"Boutique","item":"https:\/\/www.rescue.tiki-factory.com\/boutique\/"},{"@type":"ListItem","position":3,"name":"PALME LAGON"}]},{"@type":"WebSite","@id":"https:\/\/www.rescue.tiki-factory.com\/en\/#website","url":"https:\/\/www.rescue.tiki-factory.com\/en\/","name":"TIKI FACTORY RESCUE","description":"Vente de paddles et accessoires en ligne pour le sauvetage","publisher":{"@id":"https:\/\/www.rescue.tiki-factory.com\/en\/#organization"},"potentialAction":[{"@type":"SearchAction","target":{"@type":"EntryPoint","urlTemplate":"https:\/\/www.rescue.tiki-factory.com\/en\/?s={search_term_string}"},"query-input":"required name=search_term_string"}],"inLanguage":"en-GB"},{"@type":"Organization","@id":"https:\/\/www.rescue.tiki-factory.com\/en\/#organization","name":"TIKI FACTORY","url":"https:\/\/www.rescue.tiki-factory.com\/en\/","logo":{"@type":"ImageObject","inLanguage":"en-GB","@id":"https:\/\/www.rescue.tiki-factory.com\/en\/#\/schema\/logo\/image\/","url":"https:\/\/www.rescue.tiki-factory.com\/wp-content\/uploads\/2020\/12\/image-partage-facebook-tiki-factory-rescue.jpg","contentUrl":"https:\/\/www.rescue.tiki-factory.com\/wp-content\/uploads\/2020\/12\/image-partage-facebook-tiki-factory-rescue.jpg","width":1200,"height":629,"caption":"TIKI FACTORY"},"image":{"@id":"https:\/\/www.rescue.tiki-factory.com\/en\/#\/schema\/logo\/image\/"},"sameAs":["https:\/\/www.facebook.com\/TIKI-Factory-472166199484072","https:\/\/www.youtube.com\/channel\/UCDhHkHdueO5AGNLAVD8VZsg"]}]}},"_links":{"self":[{"href":"https:\/\/www.rescue.tiki-factory.com\/en\/wp-json\/wp\/v2\/product\/2115"}],"collection":[{"href":"https:\/\/www.rescue.tiki-factory.com\/en\/wp-json\/wp\/v2\/product"}],"about":[{"href":"https:\/\/www.rescue.tiki-factory.com\/en\/wp-json\/wp\/v2\/types\/product"}],"wp:featuredmedia":[{"embeddable":true,"href":"https:\/\/www.rescue.tiki-factory.com\/en\/wp-json\/wp\/v2\/media\/2158"}],"wp:attachment":[{"href":"https:\/\/www.rescue.tiki-factory.com\/en\/wp-json\/wp\/v2\/media?parent=2115"}],"wp:term":[{"taxonomy":"product_cat","embeddable":true,"href":"https:\/\/www.rescue.tiki-factory.com\/en\/wp-json\/wp\/v2\/product_cat?post=2115"},{"taxonomy":"product_tag","embeddable":true,"href":"https:\/\/www.rescue.tiki-factory.com\/en\/wp-json\/wp\/v2\/product_tag?post=2115"}],"curies":[{"name":"wp","href":"https:\/\/api.w.org\/{rel}","templated":true}]}}