{"id":1908,"date":"2024-01-12T10:27:44","date_gmt":"2024-01-12T09:27:44","guid":{"rendered":"https:\/\/www.rescue.tiki-factory.com\/?post_type=product&#038;p=1908"},"modified":"2026-01-28T15:13:16","modified_gmt":"2026-01-28T14:13:16","slug":"plan-dur-gonflable","status":"publish","type":"product","link":"https:\/\/www.rescue.tiki-factory.com\/en\/planches-et-plateformes\/plan-dur-gonflable\/","title":{"rendered":"INFLATABLE HARD PLAN"},"content":{"rendered":"<p>Plan dur gonflable Technologie Dropstitch Plancher plat constitu\u00e9 d\u2019une structure en nid d\u2019abeille obtenu en cousant avec des centaines de fils le dessus et le dessous de la planche. Cette technique garantie une grande r\u00e9sistance, une rigidit\u00e9 exceptionnelle permettant d\u2019utiliser ces planches dans tous type de conditions et surtout de mani\u00e8re nomade car elles sont tr\u00e8s facilement transportables en sac \u00e0 dos.<br \/>\nPlanches gonfl\u00e9es \u00e0 haute pression pour une parfaite rigidit\u00e9 . En option elle est livrable \u00a0avec le syst\u00e8me gonflage AUTOMATIQUE \u00ab 30 SECONDES \u00bb constitu\u00e9 d\u2019une bouteille 2 Litres contenant de l\u2019air comprim\u00e9 \u00e0 230 bars.<br \/>\nEquip\u00e9 en s\u00e9rie de poign\u00e9es de portage, de sangles de maintien, et d\u2019anneaux de remorquage. On pourra les embarquer sur un h\u00e9licopt\u00e8re, bateau, voiture ou camion sans contraintes d\u2019encombrement.<br \/>\nPOURQUOI CHOISIR LES PLANS RESCUE GONFLABLE :<br \/>\nCar elle sont originales, sp\u00e9cialement r\u00e9alis\u00e9es avec des professionnels du secours pour obtenir une planche d\u2019intervention l\u00e9g\u00e8re, fiable et d\u00e9ployable rapidement en eaux vives , en montagne, en mer et sur des terrains accident\u00e9s.<\/p>","protected":false},"excerpt":{"rendered":"<p>RESCUE PLAN 205 : Dim 205x70x10 &#8211; Poids 7,5 kg \u2013 Pli\u00e9 70x27x18<\/p>","protected":false},"featured_media":2165,"template":"","meta":[],"product_cat":[40],"product_tag":[],"yoast_head":"<!-- This site is optimized with the Yoast SEO plugin v21.1 - https:\/\/yoast.com\/wordpress\/plugins\/seo\/ -->\n<title>TIKI FACTORY RESCUE ~ plan dur gonflable<\/title>\n<meta name=\"robots\" content=\"index, follow, max-snippet:-1, max-image-preview:large, max-video-preview:-1\" \/>\n<link rel=\"canonical\" href=\"https:\/\/www.rescue.tiki-factory.com\/en\/planches-et-plateformes\/plan-dur-gonflable\/\" \/>\n<meta property=\"og:locale\" content=\"en_GB\" \/>\n<meta property=\"og:type\" content=\"article\" \/>\n<meta property=\"og:title\" content=\"TIKI FACTORY RESCUE ~ plan dur gonflable\" \/>\n<meta property=\"og:description\" content=\"RESCUE PLAN 205 : Dim 205x70x10 - Poids 7,5 kg \u2013 Pli\u00e9 70x27x18\" \/>\n<meta property=\"og:url\" content=\"https:\/\/www.rescue.tiki-factory.com\/en\/planches-et-plateformes\/plan-dur-gonflable\/\" \/>\n<meta property=\"og:site_name\" content=\"TIKI FACTORY RESCUE\" \/>\n<meta property=\"article:publisher\" content=\"https:\/\/www.facebook.com\/TIKI-Factory-472166199484072\" \/>\n<meta property=\"article:modified_time\" content=\"2026-01-28T14:13:16+00:00\" \/>\n<meta property=\"og:image\" content=\"https:\/\/www.rescue.tiki-factory.com\/wp-content\/uploads\/2024\/01\/plan-dur-gonflable.png\" \/>\n\t<meta property=\"og:image:width\" content=\"960\" \/>\n\t<meta property=\"og:image:height\" content=\"960\" \/>\n\t<meta property=\"og:image:type\" content=\"image\/png\" \/>\n<meta name=\"twitter:card\" content=\"summary_large_image\" \/>\n<meta name=\"twitter:label1\" content=\"Estimated reading time\" \/>\n\t<meta name=\"twitter:data1\" content=\"1 minute\" \/>\n<script type=\"application\/ld+json\" class=\"yoast-schema-graph\">{\"@context\":\"https:\/\/schema.org\",\"@graph\":[{\"@type\":\"WebPage\",\"@id\":\"https:\/\/www.rescue.tiki-factory.com\/en\/planches-et-plateformes\/plan-dur-gonflable\/\",\"url\":\"https:\/\/www.rescue.tiki-factory.com\/en\/planches-et-plateformes\/plan-dur-gonflable\/\",\"name\":\"TIKI FACTORY RESCUE ~ plan dur gonflable\",\"isPartOf\":{\"@id\":\"https:\/\/www.rescue.tiki-factory.com\/en\/#website\"},\"datePublished\":\"2024-01-12T09:27:44+00:00\",\"dateModified\":\"2026-01-28T14:13:16+00:00\",\"breadcrumb\":{\"@id\":\"https:\/\/www.rescue.tiki-factory.com\/en\/planches-et-plateformes\/plan-dur-gonflable\/#breadcrumb\"},\"inLanguage\":\"en-GB\",\"potentialAction\":[{\"@type\":\"ReadAction\",\"target\":[\"https:\/\/www.rescue.tiki-factory.com\/en\/planches-et-plateformes\/plan-dur-gonflable\/\"]}]},{\"@type\":\"BreadcrumbList\",\"@id\":\"https:\/\/www.rescue.tiki-factory.com\/en\/planches-et-plateformes\/plan-dur-gonflable\/#breadcrumb\",\"itemListElement\":[{\"@type\":\"ListItem\",\"position\":1,\"name\":\"Accueil\",\"item\":\"https:\/\/www.rescue.tiki-factory.com\/\"},{\"@type\":\"ListItem\",\"position\":2,\"name\":\"Boutique\",\"item\":\"https:\/\/www.rescue.tiki-factory.com\/boutique\/\"},{\"@type\":\"ListItem\",\"position\":3,\"name\":\"plan dur gonflable\"}]},{\"@type\":\"WebSite\",\"@id\":\"https:\/\/www.rescue.tiki-factory.com\/en\/#website\",\"url\":\"https:\/\/www.rescue.tiki-factory.com\/en\/\",\"name\":\"TIKI FACTORY RESCUE\",\"description\":\"Vente de paddles et accessoires en ligne pour le sauvetage\",\"publisher\":{\"@id\":\"https:\/\/www.rescue.tiki-factory.com\/en\/#organization\"},\"potentialAction\":[{\"@type\":\"SearchAction\",\"target\":{\"@type\":\"EntryPoint\",\"urlTemplate\":\"https:\/\/www.rescue.tiki-factory.com\/en\/?s={search_term_string}\"},\"query-input\":\"required name=search_term_string\"}],\"inLanguage\":\"en-GB\"},{\"@type\":\"Organization\",\"@id\":\"https:\/\/www.rescue.tiki-factory.com\/en\/#organization\",\"name\":\"TIKI FACTORY\",\"url\":\"https:\/\/www.rescue.tiki-factory.com\/en\/\",\"logo\":{\"@type\":\"ImageObject\",\"inLanguage\":\"en-GB\",\"@id\":\"https:\/\/www.rescue.tiki-factory.com\/en\/#\/schema\/logo\/image\/\",\"url\":\"https:\/\/www.rescue.tiki-factory.com\/wp-content\/uploads\/2020\/12\/image-partage-facebook-tiki-factory-rescue.jpg\",\"contentUrl\":\"https:\/\/www.rescue.tiki-factory.com\/wp-content\/uploads\/2020\/12\/image-partage-facebook-tiki-factory-rescue.jpg\",\"width\":1200,\"height\":629,\"caption\":\"TIKI FACTORY\"},\"image\":{\"@id\":\"https:\/\/www.rescue.tiki-factory.com\/en\/#\/schema\/logo\/image\/\"},\"sameAs\":[\"https:\/\/www.facebook.com\/TIKI-Factory-472166199484072\",\"https:\/\/www.youtube.com\/channel\/UCDhHkHdueO5AGNLAVD8VZsg\"]}]}<\/script>\n<!-- \/ Yoast SEO plugin. -->","yoast_head_json":{"title":"TIKI FACTORY RESCUE ~ plan dur gonflable","robots":{"index":"index","follow":"follow","max-snippet":"max-snippet:-1","max-image-preview":"max-image-preview:large","max-video-preview":"max-video-preview:-1"},"canonical":"https:\/\/www.rescue.tiki-factory.com\/en\/planches-et-plateformes\/plan-dur-gonflable\/","og_locale":"en_GB","og_type":"article","og_title":"TIKI FACTORY RESCUE ~ plan dur gonflable","og_description":"RESCUE PLAN 205 : Dim 205x70x10 - Poids 7,5 kg \u2013 Pli\u00e9 70x27x18","og_url":"https:\/\/www.rescue.tiki-factory.com\/en\/planches-et-plateformes\/plan-dur-gonflable\/","og_site_name":"TIKI FACTORY RESCUE","article_publisher":"https:\/\/www.facebook.com\/TIKI-Factory-472166199484072","article_modified_time":"2026-01-28T14:13:16+00:00","og_image":[{"width":960,"height":960,"url":"https:\/\/www.rescue.tiki-factory.com\/wp-content\/uploads\/2024\/01\/plan-dur-gonflable.png","type":"image\/png"}],"twitter_card":"summary_large_image","twitter_misc":{"Estimated reading time":"1 minute"},"schema":{"@context":"https:\/\/schema.org","@graph":[{"@type":"WebPage","@id":"https:\/\/www.rescue.tiki-factory.com\/en\/planches-et-plateformes\/plan-dur-gonflable\/","url":"https:\/\/www.rescue.tiki-factory.com\/en\/planches-et-plateformes\/plan-dur-gonflable\/","name":"TIKI FACTORY RESCUE ~ plan dur gonflable","isPartOf":{"@id":"https:\/\/www.rescue.tiki-factory.com\/en\/#website"},"datePublished":"2024-01-12T09:27:44+00:00","dateModified":"2026-01-28T14:13:16+00:00","breadcrumb":{"@id":"https:\/\/www.rescue.tiki-factory.com\/en\/planches-et-plateformes\/plan-dur-gonflable\/#breadcrumb"},"inLanguage":"en-GB","potentialAction":[{"@type":"ReadAction","target":["https:\/\/www.rescue.tiki-factory.com\/en\/planches-et-plateformes\/plan-dur-gonflable\/"]}]},{"@type":"BreadcrumbList","@id":"https:\/\/www.rescue.tiki-factory.com\/en\/planches-et-plateformes\/plan-dur-gonflable\/#breadcrumb","itemListElement":[{"@type":"ListItem","position":1,"name":"Accueil","item":"https:\/\/www.rescue.tiki-factory.com\/"},{"@type":"ListItem","position":2,"name":"Boutique","item":"https:\/\/www.rescue.tiki-factory.com\/boutique\/"},{"@type":"ListItem","position":3,"name":"plan dur gonflable"}]},{"@type":"WebSite","@id":"https:\/\/www.rescue.tiki-factory.com\/en\/#website","url":"https:\/\/www.rescue.tiki-factory.com\/en\/","name":"TIKI FACTORY RESCUE","description":"Vente de paddles et accessoires en ligne pour le sauvetage","publisher":{"@id":"https:\/\/www.rescue.tiki-factory.com\/en\/#organization"},"potentialAction":[{"@type":"SearchAction","target":{"@type":"EntryPoint","urlTemplate":"https:\/\/www.rescue.tiki-factory.com\/en\/?s={search_term_string}"},"query-input":"required name=search_term_string"}],"inLanguage":"en-GB"},{"@type":"Organization","@id":"https:\/\/www.rescue.tiki-factory.com\/en\/#organization","name":"TIKI FACTORY","url":"https:\/\/www.rescue.tiki-factory.com\/en\/","logo":{"@type":"ImageObject","inLanguage":"en-GB","@id":"https:\/\/www.rescue.tiki-factory.com\/en\/#\/schema\/logo\/image\/","url":"https:\/\/www.rescue.tiki-factory.com\/wp-content\/uploads\/2020\/12\/image-partage-facebook-tiki-factory-rescue.jpg","contentUrl":"https:\/\/www.rescue.tiki-factory.com\/wp-content\/uploads\/2020\/12\/image-partage-facebook-tiki-factory-rescue.jpg","width":1200,"height":629,"caption":"TIKI FACTORY"},"image":{"@id":"https:\/\/www.rescue.tiki-factory.com\/en\/#\/schema\/logo\/image\/"},"sameAs":["https:\/\/www.facebook.com\/TIKI-Factory-472166199484072","https:\/\/www.youtube.com\/channel\/UCDhHkHdueO5AGNLAVD8VZsg"]}]}},"_links":{"self":[{"href":"https:\/\/www.rescue.tiki-factory.com\/en\/wp-json\/wp\/v2\/product\/1908"}],"collection":[{"href":"https:\/\/www.rescue.tiki-factory.com\/en\/wp-json\/wp\/v2\/product"}],"about":[{"href":"https:\/\/www.rescue.tiki-factory.com\/en\/wp-json\/wp\/v2\/types\/product"}],"wp:featuredmedia":[{"embeddable":true,"href":"https:\/\/www.rescue.tiki-factory.com\/en\/wp-json\/wp\/v2\/media\/2165"}],"wp:attachment":[{"href":"https:\/\/www.rescue.tiki-factory.com\/en\/wp-json\/wp\/v2\/media?parent=1908"}],"wp:term":[{"taxonomy":"product_cat","embeddable":true,"href":"https:\/\/www.rescue.tiki-factory.com\/en\/wp-json\/wp\/v2\/product_cat?post=1908"},{"taxonomy":"product_tag","embeddable":true,"href":"https:\/\/www.rescue.tiki-factory.com\/en\/wp-json\/wp\/v2\/product_tag?post=1908"}],"curies":[{"name":"wp","href":"https:\/\/api.w.org\/{rel}","templated":true}]}}