{"id":1851,"date":"2023-03-29T16:12:24","date_gmt":"2023-03-29T14:12:24","guid":{"rendered":"https:\/\/www.rescue.tiki-factory.com\/?post_type=product&#038;p=1851"},"modified":"2025-04-03T18:34:54","modified_gmt":"2025-04-03T16:34:54","slug":"ballon-examen","status":"publish","type":"product","link":"https:\/\/www.rescue.tiki-factory.com\/en\/mannequins-bouees\/ballon-examen\/","title":{"rendered":"Ballon examen"},"content":{"rendered":"<p>Fabrication : Le ballon de sauvetage est constitu\u00e9 par un ballon type basket taille n\u00b07 enserr\u00e9 dans un filet et solidaire par une \u00e9pissure de 39 cm un cordage flottant en Poly\u00e9thyl\u00e8ne Jaune de 25 m\u00e8tres de longueur et de 6 mm de diam\u00e8tre. A l\u2019extr\u00e9mit\u00e9, une poign\u00e9e, en PVC souple, permet de maintenir le cordage. Les dimensions des mailles du filet sont de 5 cm x 5 cm. Un marquage sur le cordage est effectu\u00e9 pour indiquer le rep\u00e8re des 10,50 M\u00e8tres.<\/p>","protected":false},"excerpt":{"rendered":"<p>Fabrication : Le ballon de sauvetage est constitu\u00e9 par un ballon type basket taille n\u00b07 enserr\u00e9 dans un filet et solidaire par une \u00e9pissure de 39 cm un cordage flottant en Poly\u00e9thyl\u00e8ne Jaune de 25 m\u00e8tres de longueur et de 6 mm de diam\u00e8tre. A l\u2019extr\u00e9mit\u00e9, une poign\u00e9e, en PVC souple, permet de maintenir le [&hellip;]<\/p>\n","protected":false},"featured_media":1862,"template":"","meta":[],"product_cat":[39],"product_tag":[],"yoast_head":"<!-- This site is optimized with the Yoast SEO plugin v21.1 - https:\/\/yoast.com\/wordpress\/plugins\/seo\/ -->\n<title>TIKI FACTORY RESCUE ~ Ballon examen<\/title>\n<meta name=\"robots\" content=\"index, follow, max-snippet:-1, max-image-preview:large, max-video-preview:-1\" \/>\n<link rel=\"canonical\" href=\"https:\/\/www.rescue.tiki-factory.com\/en\/mannequins-bouees\/ballon-examen\/\" \/>\n<meta property=\"og:locale\" content=\"en_GB\" \/>\n<meta property=\"og:type\" content=\"article\" \/>\n<meta property=\"og:title\" content=\"TIKI FACTORY RESCUE ~ Ballon examen\" \/>\n<meta property=\"og:description\" content=\"Fabrication : Le ballon de sauvetage est constitu\u00e9 par un ballon type basket taille n\u00b07 enserr\u00e9 dans un filet et solidaire par une \u00e9pissure de 39 cm un cordage flottant en Poly\u00e9thyl\u00e8ne Jaune de 25 m\u00e8tres de longueur et de 6 mm de diam\u00e8tre. A l\u2019extr\u00e9mit\u00e9, une poign\u00e9e, en PVC souple, permet de maintenir le [&hellip;]\" \/>\n<meta property=\"og:url\" content=\"https:\/\/www.rescue.tiki-factory.com\/en\/mannequins-bouees\/ballon-examen\/\" \/>\n<meta property=\"og:site_name\" content=\"TIKI FACTORY RESCUE\" \/>\n<meta property=\"article:publisher\" content=\"https:\/\/www.facebook.com\/TIKI-Factory-472166199484072\" \/>\n<meta property=\"article:modified_time\" content=\"2025-04-03T16:34:54+00:00\" \/>\n<meta property=\"og:image\" content=\"https:\/\/www.rescue.tiki-factory.com\/wp-content\/uploads\/2023\/04\/0E9B1CCB-8215-4A38-A3FB-131BC86A08B3.jpeg\" \/>\n\t<meta property=\"og:image:width\" content=\"960\" \/>\n\t<meta property=\"og:image:height\" content=\"960\" \/>\n\t<meta property=\"og:image:type\" content=\"image\/jpeg\" \/>\n<meta name=\"twitter:card\" content=\"summary_large_image\" \/>\n<meta name=\"twitter:label1\" content=\"Estimated reading time\" \/>\n\t<meta name=\"twitter:data1\" content=\"1 minute\" \/>\n<script type=\"application\/ld+json\" class=\"yoast-schema-graph\">{\"@context\":\"https:\/\/schema.org\",\"@graph\":[{\"@type\":\"WebPage\",\"@id\":\"https:\/\/www.rescue.tiki-factory.com\/en\/mannequins-bouees\/ballon-examen\/\",\"url\":\"https:\/\/www.rescue.tiki-factory.com\/en\/mannequins-bouees\/ballon-examen\/\",\"name\":\"TIKI FACTORY RESCUE ~ Ballon examen\",\"isPartOf\":{\"@id\":\"https:\/\/www.rescue.tiki-factory.com\/en\/#website\"},\"datePublished\":\"2023-03-29T14:12:24+00:00\",\"dateModified\":\"2025-04-03T16:34:54+00:00\",\"breadcrumb\":{\"@id\":\"https:\/\/www.rescue.tiki-factory.com\/en\/mannequins-bouees\/ballon-examen\/#breadcrumb\"},\"inLanguage\":\"en-GB\",\"potentialAction\":[{\"@type\":\"ReadAction\",\"target\":[\"https:\/\/www.rescue.tiki-factory.com\/en\/mannequins-bouees\/ballon-examen\/\"]}]},{\"@type\":\"BreadcrumbList\",\"@id\":\"https:\/\/www.rescue.tiki-factory.com\/en\/mannequins-bouees\/ballon-examen\/#breadcrumb\",\"itemListElement\":[{\"@type\":\"ListItem\",\"position\":1,\"name\":\"Accueil\",\"item\":\"https:\/\/www.rescue.tiki-factory.com\/\"},{\"@type\":\"ListItem\",\"position\":2,\"name\":\"Boutique\",\"item\":\"https:\/\/www.rescue.tiki-factory.com\/boutique\/\"},{\"@type\":\"ListItem\",\"position\":3,\"name\":\"Ballon examen\"}]},{\"@type\":\"WebSite\",\"@id\":\"https:\/\/www.rescue.tiki-factory.com\/en\/#website\",\"url\":\"https:\/\/www.rescue.tiki-factory.com\/en\/\",\"name\":\"TIKI FACTORY RESCUE\",\"description\":\"Vente de paddles et accessoires en ligne pour le sauvetage\",\"publisher\":{\"@id\":\"https:\/\/www.rescue.tiki-factory.com\/en\/#organization\"},\"potentialAction\":[{\"@type\":\"SearchAction\",\"target\":{\"@type\":\"EntryPoint\",\"urlTemplate\":\"https:\/\/www.rescue.tiki-factory.com\/en\/?s={search_term_string}\"},\"query-input\":\"required name=search_term_string\"}],\"inLanguage\":\"en-GB\"},{\"@type\":\"Organization\",\"@id\":\"https:\/\/www.rescue.tiki-factory.com\/en\/#organization\",\"name\":\"TIKI FACTORY\",\"url\":\"https:\/\/www.rescue.tiki-factory.com\/en\/\",\"logo\":{\"@type\":\"ImageObject\",\"inLanguage\":\"en-GB\",\"@id\":\"https:\/\/www.rescue.tiki-factory.com\/en\/#\/schema\/logo\/image\/\",\"url\":\"https:\/\/www.rescue.tiki-factory.com\/wp-content\/uploads\/2020\/12\/image-partage-facebook-tiki-factory-rescue.jpg\",\"contentUrl\":\"https:\/\/www.rescue.tiki-factory.com\/wp-content\/uploads\/2020\/12\/image-partage-facebook-tiki-factory-rescue.jpg\",\"width\":1200,\"height\":629,\"caption\":\"TIKI FACTORY\"},\"image\":{\"@id\":\"https:\/\/www.rescue.tiki-factory.com\/en\/#\/schema\/logo\/image\/\"},\"sameAs\":[\"https:\/\/www.facebook.com\/TIKI-Factory-472166199484072\",\"https:\/\/www.youtube.com\/channel\/UCDhHkHdueO5AGNLAVD8VZsg\"]}]}<\/script>\n<!-- \/ Yoast SEO plugin. -->","yoast_head_json":{"title":"TIKI FACTORY RESCUE ~ Ballon examen","robots":{"index":"index","follow":"follow","max-snippet":"max-snippet:-1","max-image-preview":"max-image-preview:large","max-video-preview":"max-video-preview:-1"},"canonical":"https:\/\/www.rescue.tiki-factory.com\/en\/mannequins-bouees\/ballon-examen\/","og_locale":"en_GB","og_type":"article","og_title":"TIKI FACTORY RESCUE ~ Ballon examen","og_description":"Fabrication : Le ballon de sauvetage est constitu\u00e9 par un ballon type basket taille n\u00b07 enserr\u00e9 dans un filet et solidaire par une \u00e9pissure de 39 cm un cordage flottant en Poly\u00e9thyl\u00e8ne Jaune de 25 m\u00e8tres de longueur et de 6 mm de diam\u00e8tre. A l\u2019extr\u00e9mit\u00e9, une poign\u00e9e, en PVC souple, permet de maintenir le [&hellip;]","og_url":"https:\/\/www.rescue.tiki-factory.com\/en\/mannequins-bouees\/ballon-examen\/","og_site_name":"TIKI FACTORY RESCUE","article_publisher":"https:\/\/www.facebook.com\/TIKI-Factory-472166199484072","article_modified_time":"2025-04-03T16:34:54+00:00","og_image":[{"width":960,"height":960,"url":"https:\/\/www.rescue.tiki-factory.com\/wp-content\/uploads\/2023\/04\/0E9B1CCB-8215-4A38-A3FB-131BC86A08B3.jpeg","type":"image\/jpeg"}],"twitter_card":"summary_large_image","twitter_misc":{"Estimated reading time":"1 minute"},"schema":{"@context":"https:\/\/schema.org","@graph":[{"@type":"WebPage","@id":"https:\/\/www.rescue.tiki-factory.com\/en\/mannequins-bouees\/ballon-examen\/","url":"https:\/\/www.rescue.tiki-factory.com\/en\/mannequins-bouees\/ballon-examen\/","name":"TIKI FACTORY RESCUE ~ Ballon examen","isPartOf":{"@id":"https:\/\/www.rescue.tiki-factory.com\/en\/#website"},"datePublished":"2023-03-29T14:12:24+00:00","dateModified":"2025-04-03T16:34:54+00:00","breadcrumb":{"@id":"https:\/\/www.rescue.tiki-factory.com\/en\/mannequins-bouees\/ballon-examen\/#breadcrumb"},"inLanguage":"en-GB","potentialAction":[{"@type":"ReadAction","target":["https:\/\/www.rescue.tiki-factory.com\/en\/mannequins-bouees\/ballon-examen\/"]}]},{"@type":"BreadcrumbList","@id":"https:\/\/www.rescue.tiki-factory.com\/en\/mannequins-bouees\/ballon-examen\/#breadcrumb","itemListElement":[{"@type":"ListItem","position":1,"name":"Accueil","item":"https:\/\/www.rescue.tiki-factory.com\/"},{"@type":"ListItem","position":2,"name":"Boutique","item":"https:\/\/www.rescue.tiki-factory.com\/boutique\/"},{"@type":"ListItem","position":3,"name":"Ballon examen"}]},{"@type":"WebSite","@id":"https:\/\/www.rescue.tiki-factory.com\/en\/#website","url":"https:\/\/www.rescue.tiki-factory.com\/en\/","name":"TIKI FACTORY RESCUE","description":"Vente de paddles et accessoires en ligne pour le sauvetage","publisher":{"@id":"https:\/\/www.rescue.tiki-factory.com\/en\/#organization"},"potentialAction":[{"@type":"SearchAction","target":{"@type":"EntryPoint","urlTemplate":"https:\/\/www.rescue.tiki-factory.com\/en\/?s={search_term_string}"},"query-input":"required name=search_term_string"}],"inLanguage":"en-GB"},{"@type":"Organization","@id":"https:\/\/www.rescue.tiki-factory.com\/en\/#organization","name":"TIKI FACTORY","url":"https:\/\/www.rescue.tiki-factory.com\/en\/","logo":{"@type":"ImageObject","inLanguage":"en-GB","@id":"https:\/\/www.rescue.tiki-factory.com\/en\/#\/schema\/logo\/image\/","url":"https:\/\/www.rescue.tiki-factory.com\/wp-content\/uploads\/2020\/12\/image-partage-facebook-tiki-factory-rescue.jpg","contentUrl":"https:\/\/www.rescue.tiki-factory.com\/wp-content\/uploads\/2020\/12\/image-partage-facebook-tiki-factory-rescue.jpg","width":1200,"height":629,"caption":"TIKI FACTORY"},"image":{"@id":"https:\/\/www.rescue.tiki-factory.com\/en\/#\/schema\/logo\/image\/"},"sameAs":["https:\/\/www.facebook.com\/TIKI-Factory-472166199484072","https:\/\/www.youtube.com\/channel\/UCDhHkHdueO5AGNLAVD8VZsg"]}]}},"_links":{"self":[{"href":"https:\/\/www.rescue.tiki-factory.com\/en\/wp-json\/wp\/v2\/product\/1851"}],"collection":[{"href":"https:\/\/www.rescue.tiki-factory.com\/en\/wp-json\/wp\/v2\/product"}],"about":[{"href":"https:\/\/www.rescue.tiki-factory.com\/en\/wp-json\/wp\/v2\/types\/product"}],"wp:featuredmedia":[{"embeddable":true,"href":"https:\/\/www.rescue.tiki-factory.com\/en\/wp-json\/wp\/v2\/media\/1862"}],"wp:attachment":[{"href":"https:\/\/www.rescue.tiki-factory.com\/en\/wp-json\/wp\/v2\/media?parent=1851"}],"wp:term":[{"taxonomy":"product_cat","embeddable":true,"href":"https:\/\/www.rescue.tiki-factory.com\/en\/wp-json\/wp\/v2\/product_cat?post=1851"},{"taxonomy":"product_tag","embeddable":true,"href":"https:\/\/www.rescue.tiki-factory.com\/en\/wp-json\/wp\/v2\/product_tag?post=1851"}],"curies":[{"name":"wp","href":"https:\/\/api.w.org\/{rel}","templated":true}]}}