{"id":1451,"date":"2021-11-01T21:30:49","date_gmt":"2021-11-01T20:30:49","guid":{"rendered":"https:\/\/www.rescue.tiki-factory.com\/?post_type=product&#038;p=1451"},"modified":"2025-10-11T17:08:53","modified_gmt":"2025-10-11T15:08:53","slug":"sledge-gonflable","status":"publish","type":"product","link":"https:\/\/www.rescue.tiki-factory.com\/en\/planches-et-plateformes\/sledge-gonflable\/","title":{"rendered":"SLEDGE 260"},"content":{"rendered":"<p>UCette technique garantie une grande r\u00e9sistance, une rigidit\u00e9 exceptionnelle permettant d\u2019utiliser cette planche aussi bien assis qu\u2019\u00e0 genoux ou debout. Pour la ceinture la technologie employ\u00e9e est la soudure d\u2019un film \u00e9pais de tarpaulin tiss\u00e9 pour former un boudin rond d\u00e9gressif gonfl\u00e9 a faible pression (4 psi), muni d\u2019une sou- pape de surpression et d\u2019une large bande de caoutchouc ceinturant la planche et protectrice en cas de choc<br \/>\nIt is equipped for more comfort and safety with 11 carrying and holding handles, a bungee cord to hold objects. We can embark this board on a helicopter, boat, car or truck without space constraints. Inflates in 3 minutes.<br \/>\nWHY CHOOSE THE INFLATABLE RESCUE SLEDGE BOARD:<br \/>\nBecause the SLEDGE 260 is original, specially made with rescue professionals to obtain a light, reliable and quickly deployable intervention board in the event of flooding, rescue in white water or at sea. It is equipped with rings towing at the front and can be used in medical convoy thanks to its rear rings, the rear cutout and the hull rocker have been established to pass the waves in white water and preserve the victims.<\/p>","protected":false},"excerpt":{"rendered":"<p>RESCUE SLEDGE 260 : Dim 265x115x10 &#8211; Poids 17 kg \u2013 Pli\u00e9 92x30x30<br \/>\nInflatable swim board Dropstitch technology double skin construction with a honeycomb structure obtained by sewing the top and bottom of the board with hundreds of threads. This technique guarantees great resistance, exceptional rigidity<\/p>","protected":false},"featured_media":1457,"template":"","meta":[],"product_cat":[40],"product_tag":[],"yoast_head":"<!-- This site is optimized with the Yoast SEO plugin v21.1 - https:\/\/yoast.com\/wordpress\/plugins\/seo\/ -->\n<title>TIKI FACTORY RESCUE ~ SLEDGE 260<\/title>\n<meta name=\"robots\" content=\"index, follow, max-snippet:-1, max-image-preview:large, max-video-preview:-1\" \/>\n<link rel=\"canonical\" href=\"https:\/\/www.rescue.tiki-factory.com\/en\/planches-et-plateformes\/sledge-gonflable\/\" \/>\n<meta property=\"og:locale\" content=\"en_GB\" \/>\n<meta property=\"og:type\" content=\"article\" \/>\n<meta property=\"og:title\" content=\"TIKI FACTORY RESCUE ~ SLEDGE 260\" \/>\n<meta property=\"og:description\" content=\"RESCUE SLEDGE 260 : Dim 265x115x10 - Poids 17 kg \u2013 Pli\u00e9 92x30x30 Planche traineau gonflable bi-technologie : Dropstitch double peau pour le plancher plat avec renfort triple peau permettant de constituer une structure en nid d\u2019abeille en cousant avec des centaines de fils le dessus et le dessous de la planche.\" \/>\n<meta property=\"og:url\" content=\"https:\/\/www.rescue.tiki-factory.com\/en\/planches-et-plateformes\/sledge-gonflable\/\" \/>\n<meta property=\"og:site_name\" content=\"TIKI FACTORY RESCUE\" \/>\n<meta property=\"article:publisher\" content=\"https:\/\/www.facebook.com\/TIKI-Factory-472166199484072\" \/>\n<meta property=\"article:modified_time\" content=\"2025-10-11T15:08:53+00:00\" \/>\n<meta property=\"og:image\" content=\"https:\/\/www.rescue.tiki-factory.com\/wp-content\/uploads\/2021\/11\/F985D981-A196-4719-AE2F-1AE292F5F0BE-1024x716-1.png\" \/>\n\t<meta property=\"og:image:width\" content=\"960\" \/>\n\t<meta property=\"og:image:height\" content=\"960\" \/>\n\t<meta property=\"og:image:type\" content=\"image\/png\" \/>\n<meta name=\"twitter:card\" content=\"summary_large_image\" \/>\n<meta name=\"twitter:label1\" content=\"Estimated reading time\" \/>\n\t<meta name=\"twitter:data1\" content=\"1 minute\" \/>\n<script type=\"application\/ld+json\" class=\"yoast-schema-graph\">{\"@context\":\"https:\/\/schema.org\",\"@graph\":[{\"@type\":\"WebPage\",\"@id\":\"https:\/\/www.rescue.tiki-factory.com\/en\/planches-et-plateformes\/sledge-gonflable\/\",\"url\":\"https:\/\/www.rescue.tiki-factory.com\/en\/planches-et-plateformes\/sledge-gonflable\/\",\"name\":\"TIKI FACTORY RESCUE ~ SLEDGE 260\",\"isPartOf\":{\"@id\":\"https:\/\/www.rescue.tiki-factory.com\/en\/#website\"},\"datePublished\":\"2021-11-01T20:30:49+00:00\",\"dateModified\":\"2025-10-11T15:08:53+00:00\",\"breadcrumb\":{\"@id\":\"https:\/\/www.rescue.tiki-factory.com\/en\/planches-et-plateformes\/sledge-gonflable\/#breadcrumb\"},\"inLanguage\":\"en-GB\",\"potentialAction\":[{\"@type\":\"ReadAction\",\"target\":[\"https:\/\/www.rescue.tiki-factory.com\/en\/planches-et-plateformes\/sledge-gonflable\/\"]}]},{\"@type\":\"BreadcrumbList\",\"@id\":\"https:\/\/www.rescue.tiki-factory.com\/en\/planches-et-plateformes\/sledge-gonflable\/#breadcrumb\",\"itemListElement\":[{\"@type\":\"ListItem\",\"position\":1,\"name\":\"Accueil\",\"item\":\"https:\/\/www.rescue.tiki-factory.com\/\"},{\"@type\":\"ListItem\",\"position\":2,\"name\":\"Boutique\",\"item\":\"https:\/\/www.rescue.tiki-factory.com\/boutique\/\"},{\"@type\":\"ListItem\",\"position\":3,\"name\":\"SLEDGE 260\"}]},{\"@type\":\"WebSite\",\"@id\":\"https:\/\/www.rescue.tiki-factory.com\/en\/#website\",\"url\":\"https:\/\/www.rescue.tiki-factory.com\/en\/\",\"name\":\"TIKI FACTORY RESCUE\",\"description\":\"Vente de paddles et accessoires en ligne pour le sauvetage\",\"publisher\":{\"@id\":\"https:\/\/www.rescue.tiki-factory.com\/en\/#organization\"},\"potentialAction\":[{\"@type\":\"SearchAction\",\"target\":{\"@type\":\"EntryPoint\",\"urlTemplate\":\"https:\/\/www.rescue.tiki-factory.com\/en\/?s={search_term_string}\"},\"query-input\":\"required name=search_term_string\"}],\"inLanguage\":\"en-GB\"},{\"@type\":\"Organization\",\"@id\":\"https:\/\/www.rescue.tiki-factory.com\/en\/#organization\",\"name\":\"TIKI FACTORY\",\"url\":\"https:\/\/www.rescue.tiki-factory.com\/en\/\",\"logo\":{\"@type\":\"ImageObject\",\"inLanguage\":\"en-GB\",\"@id\":\"https:\/\/www.rescue.tiki-factory.com\/en\/#\/schema\/logo\/image\/\",\"url\":\"https:\/\/www.rescue.tiki-factory.com\/wp-content\/uploads\/2020\/12\/image-partage-facebook-tiki-factory-rescue.jpg\",\"contentUrl\":\"https:\/\/www.rescue.tiki-factory.com\/wp-content\/uploads\/2020\/12\/image-partage-facebook-tiki-factory-rescue.jpg\",\"width\":1200,\"height\":629,\"caption\":\"TIKI FACTORY\"},\"image\":{\"@id\":\"https:\/\/www.rescue.tiki-factory.com\/en\/#\/schema\/logo\/image\/\"},\"sameAs\":[\"https:\/\/www.facebook.com\/TIKI-Factory-472166199484072\",\"https:\/\/www.youtube.com\/channel\/UCDhHkHdueO5AGNLAVD8VZsg\"]}]}<\/script>\n<!-- \/ Yoast SEO plugin. -->","yoast_head_json":{"title":"TIKI FACTORY RESCUE ~ SLEDGE 260","robots":{"index":"index","follow":"follow","max-snippet":"max-snippet:-1","max-image-preview":"max-image-preview:large","max-video-preview":"max-video-preview:-1"},"canonical":"https:\/\/www.rescue.tiki-factory.com\/en\/planches-et-plateformes\/sledge-gonflable\/","og_locale":"en_GB","og_type":"article","og_title":"TIKI FACTORY RESCUE ~ SLEDGE 260","og_description":"RESCUE SLEDGE 260 : Dim 265x115x10 - Poids 17 kg \u2013 Pli\u00e9 92x30x30 Planche traineau gonflable bi-technologie : Dropstitch double peau pour le plancher plat avec renfort triple peau permettant de constituer une structure en nid d\u2019abeille en cousant avec des centaines de fils le dessus et le dessous de la planche.","og_url":"https:\/\/www.rescue.tiki-factory.com\/en\/planches-et-plateformes\/sledge-gonflable\/","og_site_name":"TIKI FACTORY RESCUE","article_publisher":"https:\/\/www.facebook.com\/TIKI-Factory-472166199484072","article_modified_time":"2025-10-11T15:08:53+00:00","og_image":[{"width":960,"height":960,"url":"https:\/\/www.rescue.tiki-factory.com\/wp-content\/uploads\/2021\/11\/F985D981-A196-4719-AE2F-1AE292F5F0BE-1024x716-1.png","type":"image\/png"}],"twitter_card":"summary_large_image","twitter_misc":{"Estimated reading time":"1 minute"},"schema":{"@context":"https:\/\/schema.org","@graph":[{"@type":"WebPage","@id":"https:\/\/www.rescue.tiki-factory.com\/en\/planches-et-plateformes\/sledge-gonflable\/","url":"https:\/\/www.rescue.tiki-factory.com\/en\/planches-et-plateformes\/sledge-gonflable\/","name":"TIKI FACTORY RESCUE ~ SLEDGE 260","isPartOf":{"@id":"https:\/\/www.rescue.tiki-factory.com\/en\/#website"},"datePublished":"2021-11-01T20:30:49+00:00","dateModified":"2025-10-11T15:08:53+00:00","breadcrumb":{"@id":"https:\/\/www.rescue.tiki-factory.com\/en\/planches-et-plateformes\/sledge-gonflable\/#breadcrumb"},"inLanguage":"en-GB","potentialAction":[{"@type":"ReadAction","target":["https:\/\/www.rescue.tiki-factory.com\/en\/planches-et-plateformes\/sledge-gonflable\/"]}]},{"@type":"BreadcrumbList","@id":"https:\/\/www.rescue.tiki-factory.com\/en\/planches-et-plateformes\/sledge-gonflable\/#breadcrumb","itemListElement":[{"@type":"ListItem","position":1,"name":"Accueil","item":"https:\/\/www.rescue.tiki-factory.com\/"},{"@type":"ListItem","position":2,"name":"Boutique","item":"https:\/\/www.rescue.tiki-factory.com\/boutique\/"},{"@type":"ListItem","position":3,"name":"SLEDGE 260"}]},{"@type":"WebSite","@id":"https:\/\/www.rescue.tiki-factory.com\/en\/#website","url":"https:\/\/www.rescue.tiki-factory.com\/en\/","name":"TIKI FACTORY RESCUE","description":"Vente de paddles et accessoires en ligne pour le sauvetage","publisher":{"@id":"https:\/\/www.rescue.tiki-factory.com\/en\/#organization"},"potentialAction":[{"@type":"SearchAction","target":{"@type":"EntryPoint","urlTemplate":"https:\/\/www.rescue.tiki-factory.com\/en\/?s={search_term_string}"},"query-input":"required name=search_term_string"}],"inLanguage":"en-GB"},{"@type":"Organization","@id":"https:\/\/www.rescue.tiki-factory.com\/en\/#organization","name":"TIKI FACTORY","url":"https:\/\/www.rescue.tiki-factory.com\/en\/","logo":{"@type":"ImageObject","inLanguage":"en-GB","@id":"https:\/\/www.rescue.tiki-factory.com\/en\/#\/schema\/logo\/image\/","url":"https:\/\/www.rescue.tiki-factory.com\/wp-content\/uploads\/2020\/12\/image-partage-facebook-tiki-factory-rescue.jpg","contentUrl":"https:\/\/www.rescue.tiki-factory.com\/wp-content\/uploads\/2020\/12\/image-partage-facebook-tiki-factory-rescue.jpg","width":1200,"height":629,"caption":"TIKI FACTORY"},"image":{"@id":"https:\/\/www.rescue.tiki-factory.com\/en\/#\/schema\/logo\/image\/"},"sameAs":["https:\/\/www.facebook.com\/TIKI-Factory-472166199484072","https:\/\/www.youtube.com\/channel\/UCDhHkHdueO5AGNLAVD8VZsg"]}]}},"_links":{"self":[{"href":"https:\/\/www.rescue.tiki-factory.com\/en\/wp-json\/wp\/v2\/product\/1451"}],"collection":[{"href":"https:\/\/www.rescue.tiki-factory.com\/en\/wp-json\/wp\/v2\/product"}],"about":[{"href":"https:\/\/www.rescue.tiki-factory.com\/en\/wp-json\/wp\/v2\/types\/product"}],"wp:featuredmedia":[{"embeddable":true,"href":"https:\/\/www.rescue.tiki-factory.com\/en\/wp-json\/wp\/v2\/media\/1457"}],"wp:attachment":[{"href":"https:\/\/www.rescue.tiki-factory.com\/en\/wp-json\/wp\/v2\/media?parent=1451"}],"wp:term":[{"taxonomy":"product_cat","embeddable":true,"href":"https:\/\/www.rescue.tiki-factory.com\/en\/wp-json\/wp\/v2\/product_cat?post=1451"},{"taxonomy":"product_tag","embeddable":true,"href":"https:\/\/www.rescue.tiki-factory.com\/en\/wp-json\/wp\/v2\/product_tag?post=1451"}],"curies":[{"name":"wp","href":"https:\/\/api.w.org\/{rel}","templated":true}]}}