{"id":1279,"date":"2021-03-29T12:34:59","date_gmt":"2021-03-29T10:34:59","guid":{"rendered":"https:\/\/www.rescue.tiki-factory.com\/?post_type=product&#038;p=1279"},"modified":"2023-03-24T10:41:15","modified_gmt":"2023-03-24T09:41:15","slug":"filin-de-sauvetage","status":"publish","type":"product","link":"https:\/\/www.rescue.tiki-factory.com\/en\/accessoires\/filin-de-sauvetage\/","title":{"rendered":"LIFELINE"},"content":{"rendered":"<p>The Lifeline with a length of 100 meters, 200 meters or 400 meters is used in a rescue station for the recovery of a person by a rescue swimmer. This one attached to the rope, swims towards the victim and recovers it. The rope of the lifeline attached to the rescuer unwinds. Once the victim has been recovered, the team of rescuers, remaining on the beach, can rewind the line and thus bring the rescuer and the victim back.<\/p>\n<p>It is the essential tool for rescuers working on dangerous coasts.<br \/>\nIndeed, most of the time, on these coasts, the waves and especially the currents, do not allow the rescuers to bring the victims back to the edge of the beach by their own means,<br \/>\neven with flippers. In these cases, the rope is used.<\/p>","protected":false},"excerpt":{"rendered":"<p>Pricing on estimate, do not hesitate to contact us<\/p>\n<p>ABS coil with blocked stainless steel tube.<br \/>\nFloating rope Yellow diam.6<br \/>\nEquipped with a bolinche with a carabiner on stainless steel ring Red safety harness.<br \/>\nDim : 36 x 36 x 60 -<br \/>\nWeight: 100m \u2013 3.6 Kg<br \/>\n200m \u2013 4.2 Kg 400m \u2013 4.8 Kg<\/p>","protected":false},"featured_media":1444,"template":"","meta":[],"product_cat":[41],"product_tag":[],"yoast_head":"<!-- This site is optimized with the Yoast SEO plugin v21.1 - https:\/\/yoast.com\/wordpress\/plugins\/seo\/ -->\n<title>TIKI FACTORY RESCUE ~ FILIN DE SAUVETAGE<\/title>\n<meta name=\"robots\" content=\"index, follow, max-snippet:-1, max-image-preview:large, max-video-preview:-1\" \/>\n<link rel=\"canonical\" href=\"https:\/\/www.rescue.tiki-factory.com\/en\/accessoires\/filin-de-sauvetage\/\" \/>\n<meta property=\"og:locale\" content=\"en_GB\" \/>\n<meta property=\"og:type\" content=\"article\" \/>\n<meta property=\"og:title\" content=\"TIKI FACTORY RESCUE ~ FILIN DE SAUVETAGE\" \/>\n<meta property=\"og:description\" content=\"Tarification sur devis , n\u2019h\u00e9sitez pas \u00e0 nous contacter  Bobine ABS avec tube Inox bouch\u00e9. Corde flottante Jaune diam.6 Equip\u00e9e d\u2019une bolinche avec un mousqueton sur anneau Inox Harnais de s\u00e9curit\u00e9 rouge. Dim : 36 x 36 x 60 \u2013 Poids : 100 m - 3.6 Kg 200 m - 4.2 Kg 400 m - 4.8 Kg\" \/>\n<meta property=\"og:url\" content=\"https:\/\/www.rescue.tiki-factory.com\/en\/accessoires\/filin-de-sauvetage\/\" \/>\n<meta property=\"og:site_name\" content=\"TIKI FACTORY RESCUE\" \/>\n<meta property=\"article:publisher\" content=\"https:\/\/www.facebook.com\/TIKI-Factory-472166199484072\" \/>\n<meta property=\"article:modified_time\" content=\"2023-03-24T09:41:15+00:00\" \/>\n<meta property=\"og:image\" content=\"https:\/\/www.rescue.tiki-factory.com\/wp-content\/uploads\/2021\/03\/C146B08C-0B24-4669-AE61-874871C5BEE5-1.jpeg\" \/>\n\t<meta property=\"og:image:width\" content=\"960\" \/>\n\t<meta property=\"og:image:height\" content=\"960\" \/>\n\t<meta property=\"og:image:type\" content=\"image\/jpeg\" \/>\n<meta name=\"twitter:card\" content=\"summary_large_image\" \/>\n<meta name=\"twitter:label1\" content=\"Estimated reading time\" \/>\n\t<meta name=\"twitter:data1\" content=\"1 minute\" \/>\n<script type=\"application\/ld+json\" class=\"yoast-schema-graph\">{\"@context\":\"https:\/\/schema.org\",\"@graph\":[{\"@type\":\"WebPage\",\"@id\":\"https:\/\/www.rescue.tiki-factory.com\/en\/accessoires\/filin-de-sauvetage\/\",\"url\":\"https:\/\/www.rescue.tiki-factory.com\/en\/accessoires\/filin-de-sauvetage\/\",\"name\":\"TIKI FACTORY RESCUE ~ FILIN DE SAUVETAGE\",\"isPartOf\":{\"@id\":\"https:\/\/www.rescue.tiki-factory.com\/en\/#website\"},\"datePublished\":\"2021-03-29T10:34:59+00:00\",\"dateModified\":\"2023-03-24T09:41:15+00:00\",\"breadcrumb\":{\"@id\":\"https:\/\/www.rescue.tiki-factory.com\/en\/accessoires\/filin-de-sauvetage\/#breadcrumb\"},\"inLanguage\":\"en-GB\",\"potentialAction\":[{\"@type\":\"ReadAction\",\"target\":[\"https:\/\/www.rescue.tiki-factory.com\/en\/accessoires\/filin-de-sauvetage\/\"]}]},{\"@type\":\"BreadcrumbList\",\"@id\":\"https:\/\/www.rescue.tiki-factory.com\/en\/accessoires\/filin-de-sauvetage\/#breadcrumb\",\"itemListElement\":[{\"@type\":\"ListItem\",\"position\":1,\"name\":\"Accueil\",\"item\":\"https:\/\/www.rescue.tiki-factory.com\/\"},{\"@type\":\"ListItem\",\"position\":2,\"name\":\"Boutique\",\"item\":\"https:\/\/www.rescue.tiki-factory.com\/boutique\/\"},{\"@type\":\"ListItem\",\"position\":3,\"name\":\"FILIN DE SAUVETAGE\"}]},{\"@type\":\"WebSite\",\"@id\":\"https:\/\/www.rescue.tiki-factory.com\/en\/#website\",\"url\":\"https:\/\/www.rescue.tiki-factory.com\/en\/\",\"name\":\"TIKI FACTORY RESCUE\",\"description\":\"Vente de paddles et accessoires en ligne pour le sauvetage\",\"publisher\":{\"@id\":\"https:\/\/www.rescue.tiki-factory.com\/en\/#organization\"},\"potentialAction\":[{\"@type\":\"SearchAction\",\"target\":{\"@type\":\"EntryPoint\",\"urlTemplate\":\"https:\/\/www.rescue.tiki-factory.com\/en\/?s={search_term_string}\"},\"query-input\":\"required name=search_term_string\"}],\"inLanguage\":\"en-GB\"},{\"@type\":\"Organization\",\"@id\":\"https:\/\/www.rescue.tiki-factory.com\/en\/#organization\",\"name\":\"TIKI FACTORY\",\"url\":\"https:\/\/www.rescue.tiki-factory.com\/en\/\",\"logo\":{\"@type\":\"ImageObject\",\"inLanguage\":\"en-GB\",\"@id\":\"https:\/\/www.rescue.tiki-factory.com\/en\/#\/schema\/logo\/image\/\",\"url\":\"https:\/\/www.rescue.tiki-factory.com\/wp-content\/uploads\/2020\/12\/image-partage-facebook-tiki-factory-rescue.jpg\",\"contentUrl\":\"https:\/\/www.rescue.tiki-factory.com\/wp-content\/uploads\/2020\/12\/image-partage-facebook-tiki-factory-rescue.jpg\",\"width\":1200,\"height\":629,\"caption\":\"TIKI FACTORY\"},\"image\":{\"@id\":\"https:\/\/www.rescue.tiki-factory.com\/en\/#\/schema\/logo\/image\/\"},\"sameAs\":[\"https:\/\/www.facebook.com\/TIKI-Factory-472166199484072\",\"https:\/\/www.youtube.com\/channel\/UCDhHkHdueO5AGNLAVD8VZsg\"]}]}<\/script>\n<!-- \/ Yoast SEO plugin. -->","yoast_head_json":{"title":"TIKI FACTORY RESCUE ~ FILIN DE SAUVETAGE","robots":{"index":"index","follow":"follow","max-snippet":"max-snippet:-1","max-image-preview":"max-image-preview:large","max-video-preview":"max-video-preview:-1"},"canonical":"https:\/\/www.rescue.tiki-factory.com\/en\/accessoires\/filin-de-sauvetage\/","og_locale":"en_GB","og_type":"article","og_title":"TIKI FACTORY RESCUE ~ FILIN DE SAUVETAGE","og_description":"Tarification sur devis , n\u2019h\u00e9sitez pas \u00e0 nous contacter  Bobine ABS avec tube Inox bouch\u00e9. Corde flottante Jaune diam.6 Equip\u00e9e d\u2019une bolinche avec un mousqueton sur anneau Inox Harnais de s\u00e9curit\u00e9 rouge. Dim : 36 x 36 x 60 \u2013 Poids : 100 m - 3.6 Kg 200 m - 4.2 Kg 400 m - 4.8 Kg","og_url":"https:\/\/www.rescue.tiki-factory.com\/en\/accessoires\/filin-de-sauvetage\/","og_site_name":"TIKI FACTORY RESCUE","article_publisher":"https:\/\/www.facebook.com\/TIKI-Factory-472166199484072","article_modified_time":"2023-03-24T09:41:15+00:00","og_image":[{"width":960,"height":960,"url":"https:\/\/www.rescue.tiki-factory.com\/wp-content\/uploads\/2021\/03\/C146B08C-0B24-4669-AE61-874871C5BEE5-1.jpeg","type":"image\/jpeg"}],"twitter_card":"summary_large_image","twitter_misc":{"Estimated reading time":"1 minute"},"schema":{"@context":"https:\/\/schema.org","@graph":[{"@type":"WebPage","@id":"https:\/\/www.rescue.tiki-factory.com\/en\/accessoires\/filin-de-sauvetage\/","url":"https:\/\/www.rescue.tiki-factory.com\/en\/accessoires\/filin-de-sauvetage\/","name":"TIKI FACTORY RESCUE ~ FILIN DE SAUVETAGE","isPartOf":{"@id":"https:\/\/www.rescue.tiki-factory.com\/en\/#website"},"datePublished":"2021-03-29T10:34:59+00:00","dateModified":"2023-03-24T09:41:15+00:00","breadcrumb":{"@id":"https:\/\/www.rescue.tiki-factory.com\/en\/accessoires\/filin-de-sauvetage\/#breadcrumb"},"inLanguage":"en-GB","potentialAction":[{"@type":"ReadAction","target":["https:\/\/www.rescue.tiki-factory.com\/en\/accessoires\/filin-de-sauvetage\/"]}]},{"@type":"BreadcrumbList","@id":"https:\/\/www.rescue.tiki-factory.com\/en\/accessoires\/filin-de-sauvetage\/#breadcrumb","itemListElement":[{"@type":"ListItem","position":1,"name":"Accueil","item":"https:\/\/www.rescue.tiki-factory.com\/"},{"@type":"ListItem","position":2,"name":"Boutique","item":"https:\/\/www.rescue.tiki-factory.com\/boutique\/"},{"@type":"ListItem","position":3,"name":"FILIN DE SAUVETAGE"}]},{"@type":"WebSite","@id":"https:\/\/www.rescue.tiki-factory.com\/en\/#website","url":"https:\/\/www.rescue.tiki-factory.com\/en\/","name":"TIKI FACTORY RESCUE","description":"Vente de paddles et accessoires en ligne pour le sauvetage","publisher":{"@id":"https:\/\/www.rescue.tiki-factory.com\/en\/#organization"},"potentialAction":[{"@type":"SearchAction","target":{"@type":"EntryPoint","urlTemplate":"https:\/\/www.rescue.tiki-factory.com\/en\/?s={search_term_string}"},"query-input":"required name=search_term_string"}],"inLanguage":"en-GB"},{"@type":"Organization","@id":"https:\/\/www.rescue.tiki-factory.com\/en\/#organization","name":"TIKI FACTORY","url":"https:\/\/www.rescue.tiki-factory.com\/en\/","logo":{"@type":"ImageObject","inLanguage":"en-GB","@id":"https:\/\/www.rescue.tiki-factory.com\/en\/#\/schema\/logo\/image\/","url":"https:\/\/www.rescue.tiki-factory.com\/wp-content\/uploads\/2020\/12\/image-partage-facebook-tiki-factory-rescue.jpg","contentUrl":"https:\/\/www.rescue.tiki-factory.com\/wp-content\/uploads\/2020\/12\/image-partage-facebook-tiki-factory-rescue.jpg","width":1200,"height":629,"caption":"TIKI FACTORY"},"image":{"@id":"https:\/\/www.rescue.tiki-factory.com\/en\/#\/schema\/logo\/image\/"},"sameAs":["https:\/\/www.facebook.com\/TIKI-Factory-472166199484072","https:\/\/www.youtube.com\/channel\/UCDhHkHdueO5AGNLAVD8VZsg"]}]}},"_links":{"self":[{"href":"https:\/\/www.rescue.tiki-factory.com\/en\/wp-json\/wp\/v2\/product\/1279"}],"collection":[{"href":"https:\/\/www.rescue.tiki-factory.com\/en\/wp-json\/wp\/v2\/product"}],"about":[{"href":"https:\/\/www.rescue.tiki-factory.com\/en\/wp-json\/wp\/v2\/types\/product"}],"wp:featuredmedia":[{"embeddable":true,"href":"https:\/\/www.rescue.tiki-factory.com\/en\/wp-json\/wp\/v2\/media\/1444"}],"wp:attachment":[{"href":"https:\/\/www.rescue.tiki-factory.com\/en\/wp-json\/wp\/v2\/media?parent=1279"}],"wp:term":[{"taxonomy":"product_cat","embeddable":true,"href":"https:\/\/www.rescue.tiki-factory.com\/en\/wp-json\/wp\/v2\/product_cat?post=1279"},{"taxonomy":"product_tag","embeddable":true,"href":"https:\/\/www.rescue.tiki-factory.com\/en\/wp-json\/wp\/v2\/product_tag?post=1279"}],"curies":[{"name":"wp","href":"https:\/\/api.w.org\/{rel}","templated":true}]}}