{"id":527,"date":"2020-11-02T11:34:50","date_gmt":"2020-11-02T10:34:50","guid":{"rendered":"https:\/\/www.rescue.tiki-factory.com\/?page_id=527"},"modified":"2021-05-13T15:04:14","modified_gmt":"2021-05-13T13:04:14","slug":"conditions-generales","status":"publish","type":"page","link":"https:\/\/www.rescue.tiki-factory.com\/en\/conditions-generales\/","title":{"rendered":"Terms and conditions"},"content":{"rendered":"<h3><strong>1. Identification du vendeur<\/strong><\/h3>\n<p>Soci\u00e9t\u00e9 TIKI FACTORY AU CAPITAL DE 500\u20ac<br \/>\nSi\u00e8ge social 41 rue maillardiere \u2013 35770 VERN &#8211; France<\/p>\n<p>N\u00b0 SIRET : 80086973700018<\/p>\n<h3><strong>2. Application des conditions g\u00e9n\u00e9rales de vente<\/strong><\/h3>\n<p>La commande par le Client implique l&rsquo;acceptation de l&rsquo;int\u00e9gralit\u00e9 des pr\u00e9sentes conditions g\u00e9n\u00e9rales.<\/p>\n<h3><strong>3. Validit\u00e9 des offres<\/strong><\/h3>\n<p>Nos offres s&rsquo;adressent \u00e0 des consommateurs disposant d&rsquo;une adresse de livraison physique en Europe et dans le monde. Les articles visibles sur le site sont disponibles jusqu&rsquo;\u00e0 l&rsquo;\u00e9puisement des stocks. La dur\u00e9e de validit\u00e9 des offres et du prix est garantie sous 8 jours.\u00a0 En cas de d\u00e9bit ou d&rsquo;encaissement visant la commande d&rsquo;un article indisponible, TIKI FACTORY s&rsquo;engage \u00e0 proposer un avoir ou \u00e0 rembourser le Client dans un d\u00e9lai de 15 jours. TIKI FACTORY s&rsquo;engage \u00e0 pr\u00e9venir par courrier \u00e9lectronique le Client qui aurait pass\u00e9 commande d&rsquo;un article indisponible.<\/p>\n<h3><strong>4. Pr\u00e9sentation des produits<\/strong><\/h3>\n<p>Les produits propos\u00e9s \u00e0 la vente sont ceux d\u00e9crits sur le Site. Nous apportons le plus grand soin dans la pr\u00e9sentation et la description de ces produits pour satisfaire au mieux l\u2019information du Client. Il est toutefois possible que des erreurs non substantielles puissent figurer sur le Site, ce que le client reconna\u00eet et accepte. En tout \u00e9tat de cause, en cas de non-conformit\u00e9 du produit livr\u00e9 par rapport \u00e0 son descriptif sur le Site, le Client pourra soit, exercer son droit de r\u00e9tractation, soit mettre en \u0153uvre la garantie de conformit\u00e9 de notre Soci\u00e9t\u00e9 qui proc\u00e9dera, le cas \u00e9ch\u00e9ant, soit \u00e0 l\u2019\u00e9change soit au remboursement du prix (en tout ou partie) \u00e9ventuellement factur\u00e9.<\/p>\n<h3><strong>5. Prix des produits<\/strong><\/h3>\n<p>Les prix sont pr\u00e9sent\u00e9s en euros (\u20ac) toutes taxes comprises. Le montant de la TVA est indiqu\u00e9 lors de la s\u00e9lection d&rsquo;un produit par le Client. Si le taux de TVA venait \u00e0 \u00eatre modifi\u00e9, ces changements pourront \u00eatre r\u00e9percut\u00e9s sur le prix des articles sans que le client en soit pr\u00e9alablement inform\u00e9.<\/p>\n<h3><strong>6. Commande et paiement s\u00e9curis\u00e9 6.1 : Paiement<\/strong><\/h3>\n<p>Le client valide sa commande comme dit ci-apr\u00e8s. Cette validation entra\u00eene l&rsquo;acceptation des pr\u00e9sentes conditions g\u00e9n\u00e9rales de vente. Le client int\u00e9ress\u00e9 par un article visible sur le site\u00a0<strong>tiki-factory.com<\/strong>\u00a0\u00a0suit le processus suivant afin d&rsquo;\u00e9tablir sa commande. Apr\u00e8s avoir cliqu\u00e9 sur l&rsquo;ic\u00f4ne \u00ab confirmer \u00bb et apr\u00e8s avoir v\u00e9rifi\u00e9 les sp\u00e9cificit\u00e9s de sa commande (couleur, quantit\u00e9, taille, prix, etc\u2026), le client valide le choix du ou des produits s\u00e9lectionn\u00e9s par un clic. Si le client b\u00e9n\u00e9ficie d&rsquo;une offre sp\u00e9ciale, il doit, pr\u00e9alablement saisir un code qui lui aura \u00e9t\u00e9 attribu\u00e9 dans le champ pr\u00e9vu \u00e0 cet effet. Lors de sa premi\u00e8re commande, le client a un formulaire \u00e0 remplir conte<\/p>","protected":false},"excerpt":{"rendered":"<p>1. Identification du vendeur Soci\u00e9t\u00e9 TIKI FACTORY AU CAPITAL DE 500\u20ac Si\u00e8ge social 41 rue maillardiere \u2013 35770 VERN &#8211; France N\u00b0 SIRET : 80086973700018 2. Application des conditions g\u00e9n\u00e9rales de vente La commande par le Client implique l&rsquo;acceptation de l&rsquo;int\u00e9gralit\u00e9 des pr\u00e9sentes conditions g\u00e9n\u00e9rales. 3. Validit\u00e9 des offres Nos offres s&rsquo;adressent \u00e0 des consommateurs [&hellip;]<\/p>\n","protected":false},"author":1,"featured_media":0,"parent":0,"menu_order":0,"comment_status":"closed","ping_status":"closed","template":"","meta":[],"yoast_head":"<!-- This site is optimized with the Yoast SEO plugin v21.1 - https:\/\/yoast.com\/wordpress\/plugins\/seo\/ -->\n<title>TIKI FACTORY RESCUE ~ Conditions G\u00e9n\u00e9rales<\/title>\n<meta name=\"robots\" content=\"index, follow, max-snippet:-1, max-image-preview:large, max-video-preview:-1\" \/>\n<link rel=\"canonical\" href=\"https:\/\/www.rescue.tiki-factory.com\/en\/conditions-generales\/\" \/>\n<meta property=\"og:locale\" content=\"en_GB\" \/>\n<meta property=\"og:type\" content=\"article\" \/>\n<meta property=\"og:title\" content=\"TIKI FACTORY RESCUE ~ Conditions G\u00e9n\u00e9rales\" \/>\n<meta property=\"og:description\" content=\"1. Identification du vendeur Soci\u00e9t\u00e9 TIKI FACTORY AU CAPITAL DE 500\u20ac Si\u00e8ge social 41 rue maillardiere \u2013 35770 VERN &#8211; France N\u00b0 SIRET : 80086973700018 2. Application des conditions g\u00e9n\u00e9rales de vente La commande par le Client implique l&rsquo;acceptation de l&rsquo;int\u00e9gralit\u00e9 des pr\u00e9sentes conditions g\u00e9n\u00e9rales. 3. Validit\u00e9 des offres Nos offres s&rsquo;adressent \u00e0 des consommateurs [&hellip;]\" \/>\n<meta property=\"og:url\" content=\"https:\/\/www.rescue.tiki-factory.com\/en\/conditions-generales\/\" \/>\n<meta property=\"og:site_name\" content=\"TIKI FACTORY RESCUE\" \/>\n<meta property=\"article:publisher\" content=\"https:\/\/www.facebook.com\/TIKI-Factory-472166199484072\" \/>\n<meta property=\"article:modified_time\" content=\"2021-05-13T13:04:14+00:00\" \/>\n<meta property=\"og:image\" content=\"https:\/\/www.rescue.tiki-factory.com\/wp-content\/uploads\/2020\/12\/image-partage-facebook-tiki-factory-rescue.jpg\" \/>\n\t<meta property=\"og:image:width\" content=\"1200\" \/>\n\t<meta property=\"og:image:height\" content=\"629\" \/>\n\t<meta property=\"og:image:type\" content=\"image\/jpeg\" \/>\n<meta name=\"twitter:card\" content=\"summary_large_image\" \/>\n<meta name=\"twitter:label1\" content=\"Estimated reading time\" \/>\n\t<meta name=\"twitter:data1\" content=\"2 minutes\" \/>\n<script type=\"application\/ld+json\" class=\"yoast-schema-graph\">{\"@context\":\"https:\/\/schema.org\",\"@graph\":[{\"@type\":\"WebPage\",\"@id\":\"https:\/\/www.rescue.tiki-factory.com\/en\/conditions-generales\/\",\"url\":\"https:\/\/www.rescue.tiki-factory.com\/en\/conditions-generales\/\",\"name\":\"TIKI FACTORY RESCUE ~ Conditions G\u00e9n\u00e9rales\",\"isPartOf\":{\"@id\":\"https:\/\/www.rescue.tiki-factory.com\/en\/#website\"},\"datePublished\":\"2020-11-02T10:34:50+00:00\",\"dateModified\":\"2021-05-13T13:04:14+00:00\",\"breadcrumb\":{\"@id\":\"https:\/\/www.rescue.tiki-factory.com\/en\/conditions-generales\/#breadcrumb\"},\"inLanguage\":\"en-GB\",\"potentialAction\":[{\"@type\":\"ReadAction\",\"target\":[\"https:\/\/www.rescue.tiki-factory.com\/en\/conditions-generales\/\"]}]},{\"@type\":\"BreadcrumbList\",\"@id\":\"https:\/\/www.rescue.tiki-factory.com\/en\/conditions-generales\/#breadcrumb\",\"itemListElement\":[{\"@type\":\"ListItem\",\"position\":1,\"name\":\"Accueil\",\"item\":\"https:\/\/www.rescue.tiki-factory.com\/\"},{\"@type\":\"ListItem\",\"position\":2,\"name\":\"Conditions G\u00e9n\u00e9rales\"}]},{\"@type\":\"WebSite\",\"@id\":\"https:\/\/www.rescue.tiki-factory.com\/en\/#website\",\"url\":\"https:\/\/www.rescue.tiki-factory.com\/en\/\",\"name\":\"TIKI FACTORY RESCUE\",\"description\":\"Vente de paddles et accessoires en ligne pour le sauvetage\",\"publisher\":{\"@id\":\"https:\/\/www.rescue.tiki-factory.com\/en\/#organization\"},\"potentialAction\":[{\"@type\":\"SearchAction\",\"target\":{\"@type\":\"EntryPoint\",\"urlTemplate\":\"https:\/\/www.rescue.tiki-factory.com\/en\/?s={search_term_string}\"},\"query-input\":\"required name=search_term_string\"}],\"inLanguage\":\"en-GB\"},{\"@type\":\"Organization\",\"@id\":\"https:\/\/www.rescue.tiki-factory.com\/en\/#organization\",\"name\":\"TIKI FACTORY\",\"url\":\"https:\/\/www.rescue.tiki-factory.com\/en\/\",\"logo\":{\"@type\":\"ImageObject\",\"inLanguage\":\"en-GB\",\"@id\":\"https:\/\/www.rescue.tiki-factory.com\/en\/#\/schema\/logo\/image\/\",\"url\":\"https:\/\/www.rescue.tiki-factory.com\/wp-content\/uploads\/2020\/12\/image-partage-facebook-tiki-factory-rescue.jpg\",\"contentUrl\":\"https:\/\/www.rescue.tiki-factory.com\/wp-content\/uploads\/2020\/12\/image-partage-facebook-tiki-factory-rescue.jpg\",\"width\":1200,\"height\":629,\"caption\":\"TIKI FACTORY\"},\"image\":{\"@id\":\"https:\/\/www.rescue.tiki-factory.com\/en\/#\/schema\/logo\/image\/\"},\"sameAs\":[\"https:\/\/www.facebook.com\/TIKI-Factory-472166199484072\",\"https:\/\/www.youtube.com\/channel\/UCDhHkHdueO5AGNLAVD8VZsg\"]}]}<\/script>\n<!-- \/ Yoast SEO plugin. -->","yoast_head_json":{"title":"TIKI FACTORY RESCUE ~ Conditions G\u00e9n\u00e9rales","robots":{"index":"index","follow":"follow","max-snippet":"max-snippet:-1","max-image-preview":"max-image-preview:large","max-video-preview":"max-video-preview:-1"},"canonical":"https:\/\/www.rescue.tiki-factory.com\/en\/conditions-generales\/","og_locale":"en_GB","og_type":"article","og_title":"TIKI FACTORY RESCUE ~ Conditions G\u00e9n\u00e9rales","og_description":"1. Identification du vendeur Soci\u00e9t\u00e9 TIKI FACTORY AU CAPITAL DE 500\u20ac Si\u00e8ge social 41 rue maillardiere \u2013 35770 VERN &#8211; France N\u00b0 SIRET : 80086973700018 2. Application des conditions g\u00e9n\u00e9rales de vente La commande par le Client implique l&rsquo;acceptation de l&rsquo;int\u00e9gralit\u00e9 des pr\u00e9sentes conditions g\u00e9n\u00e9rales. 3. Validit\u00e9 des offres Nos offres s&rsquo;adressent \u00e0 des consommateurs [&hellip;]","og_url":"https:\/\/www.rescue.tiki-factory.com\/en\/conditions-generales\/","og_site_name":"TIKI FACTORY RESCUE","article_publisher":"https:\/\/www.facebook.com\/TIKI-Factory-472166199484072","article_modified_time":"2021-05-13T13:04:14+00:00","og_image":[{"width":1200,"height":629,"url":"https:\/\/www.rescue.tiki-factory.com\/wp-content\/uploads\/2020\/12\/image-partage-facebook-tiki-factory-rescue.jpg","type":"image\/jpeg"}],"twitter_card":"summary_large_image","twitter_misc":{"Estimated reading time":"2 minutes"},"schema":{"@context":"https:\/\/schema.org","@graph":[{"@type":"WebPage","@id":"https:\/\/www.rescue.tiki-factory.com\/en\/conditions-generales\/","url":"https:\/\/www.rescue.tiki-factory.com\/en\/conditions-generales\/","name":"TIKI FACTORY RESCUE ~ Conditions G\u00e9n\u00e9rales","isPartOf":{"@id":"https:\/\/www.rescue.tiki-factory.com\/en\/#website"},"datePublished":"2020-11-02T10:34:50+00:00","dateModified":"2021-05-13T13:04:14+00:00","breadcrumb":{"@id":"https:\/\/www.rescue.tiki-factory.com\/en\/conditions-generales\/#breadcrumb"},"inLanguage":"en-GB","potentialAction":[{"@type":"ReadAction","target":["https:\/\/www.rescue.tiki-factory.com\/en\/conditions-generales\/"]}]},{"@type":"BreadcrumbList","@id":"https:\/\/www.rescue.tiki-factory.com\/en\/conditions-generales\/#breadcrumb","itemListElement":[{"@type":"ListItem","position":1,"name":"Accueil","item":"https:\/\/www.rescue.tiki-factory.com\/"},{"@type":"ListItem","position":2,"name":"Conditions G\u00e9n\u00e9rales"}]},{"@type":"WebSite","@id":"https:\/\/www.rescue.tiki-factory.com\/en\/#website","url":"https:\/\/www.rescue.tiki-factory.com\/en\/","name":"TIKI FACTORY RESCUE","description":"Vente de paddles et accessoires en ligne pour le sauvetage","publisher":{"@id":"https:\/\/www.rescue.tiki-factory.com\/en\/#organization"},"potentialAction":[{"@type":"SearchAction","target":{"@type":"EntryPoint","urlTemplate":"https:\/\/www.rescue.tiki-factory.com\/en\/?s={search_term_string}"},"query-input":"required name=search_term_string"}],"inLanguage":"en-GB"},{"@type":"Organization","@id":"https:\/\/www.rescue.tiki-factory.com\/en\/#organization","name":"TIKI FACTORY","url":"https:\/\/www.rescue.tiki-factory.com\/en\/","logo":{"@type":"ImageObject","inLanguage":"en-GB","@id":"https:\/\/www.rescue.tiki-factory.com\/en\/#\/schema\/logo\/image\/","url":"https:\/\/www.rescue.tiki-factory.com\/wp-content\/uploads\/2020\/12\/image-partage-facebook-tiki-factory-rescue.jpg","contentUrl":"https:\/\/www.rescue.tiki-factory.com\/wp-content\/uploads\/2020\/12\/image-partage-facebook-tiki-factory-rescue.jpg","width":1200,"height":629,"caption":"TIKI FACTORY"},"image":{"@id":"https:\/\/www.rescue.tiki-factory.com\/en\/#\/schema\/logo\/image\/"},"sameAs":["https:\/\/www.facebook.com\/TIKI-Factory-472166199484072","https:\/\/www.youtube.com\/channel\/UCDhHkHdueO5AGNLAVD8VZsg"]}]}},"_links":{"self":[{"href":"https:\/\/www.rescue.tiki-factory.com\/en\/wp-json\/wp\/v2\/pages\/527"}],"collection":[{"href":"https:\/\/www.rescue.tiki-factory.com\/en\/wp-json\/wp\/v2\/pages"}],"about":[{"href":"https:\/\/www.rescue.tiki-factory.com\/en\/wp-json\/wp\/v2\/types\/page"}],"author":[{"embeddable":true,"href":"https:\/\/www.rescue.tiki-factory.com\/en\/wp-json\/wp\/v2\/users\/1"}],"replies":[{"embeddable":true,"href":"https:\/\/www.rescue.tiki-factory.com\/en\/wp-json\/wp\/v2\/comments?post=527"}],"version-history":[{"count":5,"href":"https:\/\/www.rescue.tiki-factory.com\/en\/wp-json\/wp\/v2\/pages\/527\/revisions"}],"predecessor-version":[{"id":1310,"href":"https:\/\/www.rescue.tiki-factory.com\/en\/wp-json\/wp\/v2\/pages\/527\/revisions\/1310"}],"wp:attachment":[{"href":"https:\/\/www.rescue.tiki-factory.com\/en\/wp-json\/wp\/v2\/media?parent=527"}],"curies":[{"name":"wp","href":"https:\/\/api.w.org\/{rel}","templated":true}]}}